{"id":9924,"date":"2025-07-30T15:17:18","date_gmt":"2025-07-30T13:17:18","guid":{"rendered":"https:\/\/www.companyiahomenots.com\/espectaculos\/bum-y-el-secreto-de-la-amistad\/"},"modified":"2025-08-21T10:47:22","modified_gmt":"2025-08-21T08:47:22","slug":"bum-y-el-secreto-de-la-amistad","status":"publish","type":"page","link":"https:\/\/www.companyiahomenots.com\/es\/espectaculos\/bum-y-el-secreto-de-la-amistad\/","title":{"rendered":"Bum y el secreto de la amistad"},"content":{"rendered":"<p>[et_pb_section fb_built=\u00bb1&#8243; _builder_version=\u00bb4.27.4&#8243; _module_preset=\u00bbdefault\u00bb custom_padding=\u00bb0px||0px||true|false\u00bb global_colors_info=\u00bb{}\u00bb][et_pb_row column_structure=\u00bb1_2,1_2&#8243; _builder_version=\u00bb4.27.4&#8243; _module_preset=\u00bbdefault\u00bb width=\u00bb90%\u00bb custom_margin=\u00bb||2em||false|false\u00bb custom_padding=\u00bb3em||0em||false|false\u00bb global_colors_info=\u00bb{}\u00bb][et_pb_column type=\u00bb1_2&#8243; _builder_version=\u00bb4.27.4&#8243; _module_preset=\u00bbdefault\u00bb global_colors_info=\u00bb{}\u00bb][et_pb_image src=\u00bbhttps:\/\/www.companyiahomenots.com\/wp-content\/uploads\/companyia-homenots-espectacles-bum-secret-amistat.webp\u00bb title_text=\u00bbcompanyia-homenots-espectacles-bum-secret-amistat\u00bb show_bottom_space=\u00bboff\u00bb _builder_version=\u00bb4.27.4&#8243; _module_preset=\u00bbdefault\u00bb max_width=\u00bb500px\u00bb module_alignment=\u00bbcenter\u00bb custom_margin=\u00bb||2em||false|false\u00bb border_radii=\u00bbon|20px|20px|20px|20px\u00bb global_colors_info=\u00bb{}\u00bb][\/et_pb_image][\/et_pb_column][et_pb_column type=\u00bb1_2&#8243; _builder_version=\u00bb4.27.4&#8243; _module_preset=\u00bbdefault\u00bb global_colors_info=\u00bb{}\u00bb][et_pb_text _builder_version=\u00bb4.27.4&#8243; _module_preset=\u00bbdefault\u00bb header_font=\u00bb|700|||||||\u00bb header_2_font=\u00bb|700|on||||||\u00bb header_2_text_align=\u00bbleft\u00bb header_2_font_size=\u00bb30px\u00bb custom_margin=\u00bb||1em||false|false\u00bb custom_padding=\u00bb||0em||false|false\u00bb header_font_size_tablet=\u00bb\u00bb header_font_size_phone=\u00bb25px\u00bb header_font_size_last_edited=\u00bbon|phone\u00bb header_2_font_size_tablet=\u00bb30px\u00bb header_2_font_size_phone=\u00bb25px\u00bb header_2_font_size_last_edited=\u00bbon|phone\u00bb custom_css_free_form=\u00bbselector h2{||  padding-bottom:0px !important;||}\u00bb global_colors_info=\u00bb{}\u00bb]<\/p>\n<h1>Bum y el secreto de la amistad<\/h1>\n<p>[\/et_pb_text][et_pb_text _builder_version=\u00bb4.27.4&#8243; _module_preset=\u00bbdefault\u00bb custom_margin=\u00bb||1em||false|false\u00bb custom_css_free_form=\u00bbselector ul{||  padding:1em 1em 1em 3em;||}\u00bb global_colors_info=\u00bb{}\u00bb]<\/p>\n<p data-start=\"141\" data-end=\"443\">Una nueva aventura llena de ritmo y emoci\u00f3n donde Bum descubrir\u00e1 <strong data-start=\"204\" data-end=\"230\">el secreto de la \u201camistad\u201d<\/strong>.<br data-start=\"231\" data-end=\"234\">Nadie merece estar solo, y por eso nuestro protagonista se adentra en una misi\u00f3n valiente: encontrar al viejo tibur\u00f3n y compartir con \u00e9l un tesoro muy especial. Pero esta vez necesitar\u00e1 m\u00e1s ayuda que nunca\u2026<\/p>\n<p><\/p>\n<p data-start=\"445\" data-end=\"633\">Un espect\u00e1culo <strong data-start=\"459\" data-end=\"501\">divertido, participativo y lleno de m\u00fasica<\/strong>, ideal para que los ni\u00f1os y las ni\u00f1as \u201cse introduzcan en el mundo de la bater\u00eda mientras hablan d\u201d e amistad y escuchan un cuento cautivador.<\/p>\n<p><\/p>\n<ul>\n<li data-start=\"635\" data-end=\"758\">Espect\u00e1culo ideal para bibliotecas, escuelas o fiestas mayores.<\/li>\n<li data-start=\"635\" data-end=\"758\"><strong data-start=\"699\" data-end=\"756\">Recomendado de 3 a 9 a\u00f1os, \u00a1pero todo el mundo es bienvenido!<\/strong><\/li>\n<\/ul>\n<p>[\/et_pb_text][et_pb_button button_url=\u00bb\/wp-content\/uploads\/ESP-Fitxa-WEB-BUM4.pdf\u00bb url_new_window=\u00bbon\u00bb button_text=\u00bbDescargar la ficha\u00bb button_alignment_last_edited=\u00bboff|phone\u00bb module_class=\u00bbboton\u00bb _builder_version=\u00bb4.27.4&#8243; _module_preset=\u00bbdefault\u00bb custom_button=\u00bbon\u00bb button_text_size=\u00bb14px\u00bb button_text_color=\u00bb#FFFFFF\u00bb button_bg_color=\u00bb#f6a12c\u00bb button_border_width=\u00bb1px\u00bb button_border_color=\u00bb#f6a12c\u00bb button_border_radius=\u00bb30px\u00bb button_font=\u00bb|700|||||||\u00bb button_use_icon=\u00bboff\u00bb custom_margin=\u00bb|1em|||false|false\u00bb custom_padding=\u00bb0.5em|1.5em|0.5em|1.5em|true|true\u00bb custom_css_main_element=\u00bbwidth:fit-content !important;||min-width:fit-content !important;||max-width:fit-content !important;||display:block !important;\u00bb custom_css_free_form=\u00bbselector{||  width:fit-content !important;||  min-width:fit-content !important;||  max-width:fit-content !important;||  display:block !important;||}\u00bb locked=\u00bboff\u00bb global_colors_info=\u00bb{}\u00bb button_bg_color__hover_enabled=\u00bbon|hover\u00bb button_bg_color__hover=\u00bbRGBA(255,255,255,0)\u00bb button_bg_enable_color__hover=\u00bbon\u00bb button_text_color__hover_enabled=\u00bbon|hover\u00bb button_text_color__hover=\u00bb#000000&#8243;][\/et_pb_button][\/et_pb_column][\/et_pb_row][\/et_pb_section][et_pb_section fb_built=\u00bb1&#8243; _builder_version=\u00bb4.27.4&#8243; _module_preset=\u00bbdefault\u00bb background_color=\u00bb#f8f7ff\u00bb custom_padding=\u00bb0px||0px||true|false\u00bb global_colors_info=\u00bb{}\u00bb][et_pb_row _builder_version=\u00bb4.27.4&#8243; _module_preset=\u00bbdefault\u00bb width=\u00bb90%\u00bb custom_padding=\u00bb2em||2em||true|false\u00bb locked=\u00bboff\u00bb global_colors_info=\u00bb{}\u00bb][et_pb_column type=\u00bb4_4&#8243; _builder_version=\u00bb4.27.4&#8243; _module_preset=\u00bbdefault\u00bb global_colors_info=\u00bb{}\u00bb][et_pb_text _builder_version=\u00bb4.27.4&#8243; _module_preset=\u00bbdefault\u00bb header_2_font=\u00bb|700|||||||\u00bb header_2_text_align=\u00bbcenter\u00bb header_2_font_size=\u00bb30px\u00bb custom_margin=\u00bb||0em||false|false\u00bb custom_padding=\u00bb||0em||false|false\u00bb header_2_font_size_tablet=\u00bb30px\u00bb header_2_font_size_phone=\u00bb25px\u00bb header_2_font_size_last_edited=\u00bbon|phone\u00bb custom_css_free_form=\u00bbselector h2{||  padding-bottom:0px !important;||}\u00bb global_colors_info=\u00bb{}\u00bb]<\/p>\n<h2>Espect\u00e1culos relacionados<\/h2>\n<p>[\/et_pb_text][\/et_pb_column][\/et_pb_row][et_pb_row column_structure=\u00bb1_3,1_3,1_3&#8243; _builder_version=\u00bb4.27.4&#8243; _module_preset=\u00bbdefault\u00bb width=\u00bb90%\u00bb custom_margin=\u00bb||0em||false|false\u00bb custom_padding=\u00bb1em||3em||false|false\u00bb locked=\u00bboff\u00bb global_colors_info=\u00bb{}\u00bb][et_pb_column type=\u00bb1_3&#8243; _builder_version=\u00bb4.27.4&#8243; _module_preset=\u00bbdefault\u00bb global_colors_info=\u00bb{}\u00bb][et_pb_image src=\u00bbhttps:\/\/www.companyiahomenots.com\/wp-content\/uploads\/companyia-homenots-espectacles-bum-tresor-pirata-1.webp\u00bb title_text=\u00bbcompanyia-homenots-espectacles-bum-tresor-pirata\u00bb show_bottom_space=\u00bboff\u00bb _builder_version=\u00bb4.27.4&#8243; _module_preset=\u00bbdefault\u00bb max_width=\u00bb450px\u00bb module_alignment=\u00bbcenter\u00bb custom_margin=\u00bb||2em||false|false\u00bb border_radii=\u00bbon|20px|20px|20px|20px\u00bb global_colors_info=\u00bb{}\u00bb][\/et_pb_image][et_pb_text _builder_version=\u00bb4.27.4&#8243; _module_preset=\u00bbdefault\u00bb header_3_font=\u00bb|700|||||||\u00bb header_3_text_align=\u00bbcenter\u00bb custom_margin=\u00bb||1em||false|false\u00bb header_3_font_size_tablet=\u00bb\u00bb header_3_font_size_phone=\u00bb20px\u00bb header_3_font_size_last_edited=\u00bbon|phone\u00bb global_colors_info=\u00bb{}\u00bb]<\/p>\n<h3>Bum y el tesoro del pirata<\/h3>\n<p>[\/et_pb_text][et_pb_button button_url=\u00bb@ET-DC@eyJkeW5hbWljIjp0cnVlLCJjb250ZW50IjoicG9zdF9saW5rX3VybF9wYWdlIiwic2V0dGluZ3MiOnsicG9zdF9pZCI6IjgyODMifX0=@\u00bb button_text=\u00bbSaber m\u00e1s\u00bb button_alignment=\u00bbcenter\u00bb module_class=\u00bbboton\u00bb _builder_version=\u00bb4.27.4&#8243; _dynamic_attributes=\u00bbbutton_url\u00bb _module_preset=\u00bbdefault\u00bb custom_button=\u00bbon\u00bb button_text_size=\u00bb14px\u00bb button_text_color=\u00bb#FFFFFF\u00bb button_bg_color=\u00bb#f6a12c\u00bb button_border_width=\u00bb1px\u00bb button_border_color=\u00bb#f6a12c\u00bb button_border_radius=\u00bb30px\u00bb button_font=\u00bb|700|||||||\u00bb button_use_icon=\u00bboff\u00bb custom_margin=\u00bb||||false|false\u00bb custom_padding=\u00bb0.5em|1.5em|0.5em|1.5em|true|true\u00bb global_colors_info=\u00bb{}\u00bb button_bg_color__hover_enabled=\u00bbon|hover\u00bb button_bg_color__hover=\u00bbRGBA(255,255,255,0)\u00bb button_bg_enable_color__hover=\u00bbon\u00bb button_text_color__hover=\u00bb#000000&#8243; button_text_color__hover_enabled=\u00bbon|hover\u00bb][\/et_pb_button][\/et_pb_column][et_pb_column type=\u00bb1_3&#8243; _builder_version=\u00bb4.27.4&#8243; _module_preset=\u00bbdefault\u00bb global_colors_info=\u00bb{}\u00bb][et_pb_image src=\u00bbhttps:\/\/www.companyiahomenots.com\/wp-content\/uploads\/companyia-homenots-espectacles-bum-llibre-magic.webp\u00bb title_text=\u00bbcompanyia-homenots-espectacles-bum-llibre-magic\u00bb show_bottom_space=\u00bboff\u00bb _builder_version=\u00bb4.27.4&#8243; _module_preset=\u00bbdefault\u00bb max_width=\u00bb450px\u00bb module_alignment=\u00bbcenter\u00bb custom_margin=\u00bb||2em||false|false\u00bb border_radii=\u00bbon|20px|20px|20px|20px\u00bb global_colors_info=\u00bb{}\u00bb][\/et_pb_image][et_pb_text _builder_version=\u00bb4.27.4&#8243; _module_preset=\u00bbdefault\u00bb header_3_font=\u00bb|700|||||||\u00bb header_3_text_align=\u00bbcenter\u00bb custom_margin=\u00bb||1em||false|false\u00bb header_3_font_size_tablet=\u00bb\u00bb header_3_font_size_phone=\u00bb20px\u00bb header_3_font_size_last_edited=\u00bbon|phone\u00bb global_colors_info=\u00bb{}\u00bb]<\/p>\n<h3>Bum y el libro m\u00e1gico de las hadas<\/h3>\n<p>[\/et_pb_text][et_pb_button button_url=\u00bb@ET-DC@eyJkeW5hbWljIjp0cnVlLCJjb250ZW50IjoicG9zdF9saW5rX3VybF9wYWdlIiwic2V0dGluZ3MiOnsicG9zdF9pZCI6IjgyODUifX0=@\u00bb button_text=\u00bbSaber m\u00e1s\u00bb button_alignment=\u00bbcenter\u00bb module_class=\u00bbboton\u00bb _builder_version=\u00bb4.27.4&#8243; _dynamic_attributes=\u00bbbutton_url\u00bb _module_preset=\u00bbdefault\u00bb custom_button=\u00bbon\u00bb button_text_size=\u00bb14px\u00bb button_text_color=\u00bb#FFFFFF\u00bb button_bg_color=\u00bb#f6a12c\u00bb button_border_width=\u00bb1px\u00bb button_border_color=\u00bb#f6a12c\u00bb button_border_radius=\u00bb30px\u00bb button_font=\u00bb|700|||||||\u00bb button_use_icon=\u00bboff\u00bb custom_margin=\u00bb||||false|false\u00bb custom_padding=\u00bb0.5em|1.5em|0.5em|1.5em|true|true\u00bb global_colors_info=\u00bb{}\u00bb button_bg_color__hover_enabled=\u00bbon|hover\u00bb button_bg_color__hover=\u00bbRGBA(255,255,255,0)\u00bb button_bg_enable_color__hover=\u00bbon\u00bb button_text_color__hover=\u00bb#000000&#8243; button_text_color__hover_enabled=\u00bbon|hover\u00bb][\/et_pb_button][\/et_pb_column][et_pb_column type=\u00bb1_3&#8243; _builder_version=\u00bb4.27.4&#8243; _module_preset=\u00bbdefault\u00bb global_colors_info=\u00bb{}\u00bb][et_pb_image src=\u00bbhttps:\/\/www.companyiahomenots.com\/wp-content\/uploads\/companyia-homenots-espectacles-bum-estel-desitjos.webp\u00bb title_text=\u00bbcompanyia-homenots-espectacles-bum-estel-desitjos\u00bb show_bottom_space=\u00bboff\u00bb _builder_version=\u00bb4.27.4&#8243; _module_preset=\u00bbdefault\u00bb max_width=\u00bb450px\u00bb module_alignment=\u00bbcenter\u00bb custom_margin=\u00bb||2em||false|false\u00bb border_radii=\u00bbon|20px|20px|20px|20px\u00bb global_colors_info=\u00bb{}\u00bb][\/et_pb_image][et_pb_text _builder_version=\u00bb4.27.4&#8243; _module_preset=\u00bbdefault\u00bb header_3_font=\u00bb|700|||||||\u00bb header_3_text_align=\u00bbcenter\u00bb custom_margin=\u00bb||1em||false|false\u00bb header_3_font_size_tablet=\u00bb\u00bb header_3_font_size_phone=\u00bb20px\u00bb header_3_font_size_last_edited=\u00bbon|phone\u00bb global_colors_info=\u00bb{}\u00bb]<\/p>\n<h3>Bum y la estrella de los deseos<\/h3>\n<p>[\/et_pb_text][et_pb_button button_url=\u00bb@ET-DC@eyJkeW5hbWljIjp0cnVlLCJjb250ZW50IjoicG9zdF9saW5rX3VybF9wYWdlIiwic2V0dGluZ3MiOnsicG9zdF9pZCI6IjgyODcifX0=@\u00bb button_text=\u00bbSaber m\u00e1s\u00bb button_alignment=\u00bbcenter\u00bb module_class=\u00bbboton\u00bb _builder_version=\u00bb4.27.4&#8243; _dynamic_attributes=\u00bbbutton_url\u00bb _module_preset=\u00bbdefault\u00bb custom_button=\u00bbon\u00bb button_text_size=\u00bb14px\u00bb button_text_color=\u00bb#FFFFFF\u00bb button_bg_color=\u00bb#f6a12c\u00bb button_border_width=\u00bb1px\u00bb button_border_color=\u00bb#f6a12c\u00bb button_border_radius=\u00bb30px\u00bb button_font=\u00bb|700|||||||\u00bb button_use_icon=\u00bboff\u00bb custom_margin=\u00bb||||false|false\u00bb custom_padding=\u00bb0.5em|1.5em|0.5em|1.5em|true|true\u00bb global_colors_info=\u00bb{}\u00bb button_bg_color__hover_enabled=\u00bbon|hover\u00bb button_bg_color__hover=\u00bbRGBA(255,255,255,0)\u00bb button_bg_enable_color__hover=\u00bbon\u00bb button_text_color__hover_enabled=\u00bbon|hover\u00bb button_text_color__hover=\u00bb#000000&#8243;][\/et_pb_button][\/et_pb_column][\/et_pb_row][\/et_pb_section]<\/p>\n","protected":false},"excerpt":{"rendered":"<p>Bum y el secreto de la amistadUna nueva aventura llena de ritmo y emoci\u00f3n donde Bum descubrir\u00e1 el secreto de la \u201camistad\u201d.Nadie merece estar solo, y por eso nuestro protagonista se adentra en una misi\u00f3n valiente: encontrar al viejo tibur\u00f3n y compartir con \u00e9l un tesoro muy especial. Pero esta vez necesitar\u00e1 m\u00e1s ayuda que [&hellip;]<\/p>\n","protected":false},"author":1,"featured_media":0,"parent":9918,"menu_order":0,"comment_status":"closed","ping_status":"closed","template":"","meta":{"_et_pb_use_builder":"on","_et_pb_old_content":"","_et_gb_content_width":"","inline_featured_image":false,"footnotes":""},"class_list":["post-9924","page","type-page","status-publish","hentry"],"yoast_head":"<!-- This site is optimized with the Yoast SEO plugin v25.7 - https:\/\/yoast.com\/wordpress\/plugins\/seo\/ -->\n<title>Bum y el secreto de la amistad | Companyia Homenots<\/title>\n<meta name=\"description\" content=\"Acompa\u00f1a a Bum en una aventura musical sobre amistad, ritmo y valent\u00eda. Ideal para ni\u00f1os de 3 a 9 a\u00f1os.\" \/>\n<meta name=\"robots\" content=\"index, follow, max-snippet:-1, max-image-preview:large, max-video-preview:-1\" \/>\n<link rel=\"canonical\" href=\"https:\/\/www.companyiahomenots.com\/espectacles\/en-bum-i-el-secret-de-lamistat\/\" \/>\n<meta property=\"og:locale\" content=\"es_ES\" \/>\n<meta property=\"og:type\" content=\"article\" \/>\n<meta property=\"og:title\" content=\"Bum y el secreto de la amistad | Companyia Homenots\" \/>\n<meta property=\"og:description\" content=\"Acompa\u00f1a a Bum en una aventura musical sobre amistad, ritmo y valent\u00eda. Ideal para ni\u00f1os de 3 a 9 a\u00f1os.\" \/>\n<meta property=\"og:url\" content=\"https:\/\/www.companyiahomenots.com\/espectacles\/en-bum-i-el-secret-de-lamistat\/\" \/>\n<meta property=\"og:site_name\" content=\"Companyia Homenots\" \/>\n<meta property=\"article:modified_time\" content=\"2025-08-21T08:47:22+00:00\" \/>\n<meta name=\"twitter:card\" content=\"summary_large_image\" \/>\n<meta name=\"twitter:label1\" content=\"Tiempo de lectura\" \/>\n\t<meta name=\"twitter:data1\" content=\"2 minutos\" \/>\n<script type=\"application\/ld+json\" class=\"yoast-schema-graph\">{\"@context\":\"https:\/\/schema.org\",\"@graph\":[{\"@type\":\"WebPage\",\"@id\":\"https:\/\/www.companyiahomenots.com\/espectacles\/en-bum-i-el-secret-de-lamistat\/\",\"url\":\"https:\/\/www.companyiahomenots.com\/espectacles\/en-bum-i-el-secret-de-lamistat\/\",\"name\":\"Bum y el secreto de la amistad | Companyia Homenots\",\"isPartOf\":{\"@id\":\"https:\/\/www.companyiahomenots.com\/#website\"},\"datePublished\":\"2025-07-30T13:17:18+00:00\",\"dateModified\":\"2025-08-21T08:47:22+00:00\",\"description\":\"Acompa\u00f1a a Bum en una aventura musical sobre amistad, ritmo y valent\u00eda. Ideal para ni\u00f1os de 3 a 9 a\u00f1os.\",\"breadcrumb\":{\"@id\":\"https:\/\/www.companyiahomenots.com\/espectacles\/en-bum-i-el-secret-de-lamistat\/#breadcrumb\"},\"inLanguage\":\"es\",\"potentialAction\":[{\"@type\":\"ReadAction\",\"target\":[\"https:\/\/www.companyiahomenots.com\/espectacles\/en-bum-i-el-secret-de-lamistat\/\"]}]},{\"@type\":\"BreadcrumbList\",\"@id\":\"https:\/\/www.companyiahomenots.com\/espectacles\/en-bum-i-el-secret-de-lamistat\/#breadcrumb\",\"itemListElement\":[{\"@type\":\"ListItem\",\"position\":1,\"name\":\"Home\",\"item\":\"https:\/\/www.companyiahomenots.com\/\"},{\"@type\":\"ListItem\",\"position\":2,\"name\":\"Espect\u00e1culos\",\"item\":\"https:\/\/www.companyiahomenots.com\/es\/espectaculos\/\"},{\"@type\":\"ListItem\",\"position\":3,\"name\":\"Bum y el secreto de la amistad\"}]},{\"@type\":\"WebSite\",\"@id\":\"https:\/\/www.companyiahomenots.com\/#website\",\"url\":\"https:\/\/www.companyiahomenots.com\/\",\"name\":\"Companyia Homenots\",\"description\":\"\",\"potentialAction\":[{\"@type\":\"SearchAction\",\"target\":{\"@type\":\"EntryPoint\",\"urlTemplate\":\"https:\/\/www.companyiahomenots.com\/?s={search_term_string}\"},\"query-input\":{\"@type\":\"PropertyValueSpecification\",\"valueRequired\":true,\"valueName\":\"search_term_string\"}}],\"inLanguage\":\"es\"}]}<\/script>\n<!-- \/ Yoast SEO plugin. -->","yoast_head_json":{"title":"Bum y el secreto de la amistad | Companyia Homenots","description":"Acompa\u00f1a a Bum en una aventura musical sobre amistad, ritmo y valent\u00eda. Ideal para ni\u00f1os de 3 a 9 a\u00f1os.","robots":{"index":"index","follow":"follow","max-snippet":"max-snippet:-1","max-image-preview":"max-image-preview:large","max-video-preview":"max-video-preview:-1"},"canonical":"https:\/\/www.companyiahomenots.com\/espectacles\/en-bum-i-el-secret-de-lamistat\/","og_locale":"es_ES","og_type":"article","og_title":"Bum y el secreto de la amistad | Companyia Homenots","og_description":"Acompa\u00f1a a Bum en una aventura musical sobre amistad, ritmo y valent\u00eda. Ideal para ni\u00f1os de 3 a 9 a\u00f1os.","og_url":"https:\/\/www.companyiahomenots.com\/espectacles\/en-bum-i-el-secret-de-lamistat\/","og_site_name":"Companyia Homenots","article_modified_time":"2025-08-21T08:47:22+00:00","twitter_card":"summary_large_image","twitter_misc":{"Tiempo de lectura":"2 minutos"},"schema":{"@context":"https:\/\/schema.org","@graph":[{"@type":"WebPage","@id":"https:\/\/www.companyiahomenots.com\/espectacles\/en-bum-i-el-secret-de-lamistat\/","url":"https:\/\/www.companyiahomenots.com\/espectacles\/en-bum-i-el-secret-de-lamistat\/","name":"Bum y el secreto de la amistad | Companyia Homenots","isPartOf":{"@id":"https:\/\/www.companyiahomenots.com\/#website"},"datePublished":"2025-07-30T13:17:18+00:00","dateModified":"2025-08-21T08:47:22+00:00","description":"Acompa\u00f1a a Bum en una aventura musical sobre amistad, ritmo y valent\u00eda. Ideal para ni\u00f1os de 3 a 9 a\u00f1os.","breadcrumb":{"@id":"https:\/\/www.companyiahomenots.com\/espectacles\/en-bum-i-el-secret-de-lamistat\/#breadcrumb"},"inLanguage":"es","potentialAction":[{"@type":"ReadAction","target":["https:\/\/www.companyiahomenots.com\/espectacles\/en-bum-i-el-secret-de-lamistat\/"]}]},{"@type":"BreadcrumbList","@id":"https:\/\/www.companyiahomenots.com\/espectacles\/en-bum-i-el-secret-de-lamistat\/#breadcrumb","itemListElement":[{"@type":"ListItem","position":1,"name":"Home","item":"https:\/\/www.companyiahomenots.com\/"},{"@type":"ListItem","position":2,"name":"Espect\u00e1culos","item":"https:\/\/www.companyiahomenots.com\/es\/espectaculos\/"},{"@type":"ListItem","position":3,"name":"Bum y el secreto de la amistad"}]},{"@type":"WebSite","@id":"https:\/\/www.companyiahomenots.com\/#website","url":"https:\/\/www.companyiahomenots.com\/","name":"Companyia Homenots","description":"","potentialAction":[{"@type":"SearchAction","target":{"@type":"EntryPoint","urlTemplate":"https:\/\/www.companyiahomenots.com\/?s={search_term_string}"},"query-input":{"@type":"PropertyValueSpecification","valueRequired":true,"valueName":"search_term_string"}}],"inLanguage":"es"}]}},"_links":{"self":[{"href":"https:\/\/www.companyiahomenots.com\/es\/wp-json\/wp\/v2\/pages\/9924","targetHints":{"allow":["GET"]}}],"collection":[{"href":"https:\/\/www.companyiahomenots.com\/es\/wp-json\/wp\/v2\/pages"}],"about":[{"href":"https:\/\/www.companyiahomenots.com\/es\/wp-json\/wp\/v2\/types\/page"}],"author":[{"embeddable":true,"href":"https:\/\/www.companyiahomenots.com\/es\/wp-json\/wp\/v2\/users\/1"}],"replies":[{"embeddable":true,"href":"https:\/\/www.companyiahomenots.com\/es\/wp-json\/wp\/v2\/comments?post=9924"}],"version-history":[{"count":12,"href":"https:\/\/www.companyiahomenots.com\/es\/wp-json\/wp\/v2\/pages\/9924\/revisions"}],"predecessor-version":[{"id":10158,"href":"https:\/\/www.companyiahomenots.com\/es\/wp-json\/wp\/v2\/pages\/9924\/revisions\/10158"}],"up":[{"embeddable":true,"href":"https:\/\/www.companyiahomenots.com\/es\/wp-json\/wp\/v2\/pages\/9918"}],"wp:attachment":[{"href":"https:\/\/www.companyiahomenots.com\/es\/wp-json\/wp\/v2\/media?parent=9924"}],"curies":[{"name":"wp","href":"https:\/\/api.w.org\/{rel}","templated":true}]}}