{"id":9927,"date":"2025-07-30T15:16:37","date_gmt":"2025-07-30T13:16:37","guid":{"rendered":"https:\/\/www.companyiahomenots.com\/espectaculos\/bum-y-el-tesoro-del-pirata\/"},"modified":"2025-08-21T10:44:03","modified_gmt":"2025-08-21T08:44:03","slug":"bum-y-el-tesoro-del-pirata","status":"publish","type":"page","link":"https:\/\/www.companyiahomenots.com\/es\/espectaculos\/bum-y-el-tesoro-del-pirata\/","title":{"rendered":"Bum y el tesoro del pirata"},"content":{"rendered":"<p>[et_pb_section fb_built=\u00bb1&#8243; _builder_version=\u00bb4.27.4&#8243; _module_preset=\u00bbdefault\u00bb custom_padding=\u00bb0px||0px||true|false\u00bb global_colors_info=\u00bb{}\u00bb][et_pb_row column_structure=\u00bb1_2,1_2&#8243; _builder_version=\u00bb4.27.4&#8243; _module_preset=\u00bbdefault\u00bb width=\u00bb90%\u00bb custom_margin=\u00bb||2em||false|false\u00bb custom_padding=\u00bb3em||0em||false|false\u00bb global_colors_info=\u00bb{}\u00bb][et_pb_column type=\u00bb1_2&#8243; _builder_version=\u00bb4.27.4&#8243; _module_preset=\u00bbdefault\u00bb global_colors_info=\u00bb{}\u00bb][et_pb_image src=\u00bbhttps:\/\/www.companyiahomenots.com\/wp-content\/uploads\/companyia-homenots-espectacles-bum-tresor-pirata-1.webp\u00bb title_text=\u00bbcompanyia-homenots-espectacles-bum-tresor-pirata\u00bb show_bottom_space=\u00bboff\u00bb _builder_version=\u00bb4.27.4&#8243; _module_preset=\u00bbdefault\u00bb max_width=\u00bb500px\u00bb module_alignment=\u00bbcenter\u00bb custom_margin=\u00bb||2em||false|false\u00bb border_radii=\u00bbon|20px|20px|20px|20px\u00bb global_colors_info=\u00bb{}\u00bb][\/et_pb_image][\/et_pb_column][et_pb_column type=\u00bb1_2&#8243; _builder_version=\u00bb4.27.4&#8243; _module_preset=\u00bbdefault\u00bb global_colors_info=\u00bb{}\u00bb][et_pb_text _builder_version=\u00bb4.27.4&#8243; _module_preset=\u00bbdefault\u00bb header_font=\u00bb|700|||||||\u00bb header_2_font=\u00bb|700|on||||||\u00bb header_2_text_align=\u00bbleft\u00bb header_2_font_size=\u00bb30px\u00bb custom_margin=\u00bb||1em||false|false\u00bb custom_padding=\u00bb||0em||false|false\u00bb header_font_size_tablet=\u00bb\u00bb header_font_size_phone=\u00bb25px\u00bb header_font_size_last_edited=\u00bbon|phone\u00bb header_2_font_size_tablet=\u00bb30px\u00bb header_2_font_size_phone=\u00bb25px\u00bb header_2_font_size_last_edited=\u00bbon|phone\u00bb custom_css_free_form=\u00bbselector h2{||  padding-bottom:0px !important;||}\u00bb global_colors_info=\u00bb{}\u00bb]<\/p>\n<h1>Bum y el tesoro del pirata<\/h1>\n<p>[\/et_pb_text][et_pb_text _builder_version=\u00bb4.27.4&#8243; _module_preset=\u00bbdefault\u00bb custom_margin=\u00bb||1em||false|false\u00bb custom_css_free_form=\u00bbselector ul{||  padding:1em 1em 1em 3em;||}\u00bb global_colors_info=\u00bb{}\u00bb]<\/p>\n<p>BUM es un elefante que una noche se entera de que en la playa de la Media Luna hay un tesoro pirata escondido. Con la ayuda de sus amigos har\u00e1 todo lo posible para encontrarlo, \u00bflo conseguir\u00e1? Una divertida manera de vivir un rato de aventuras descubriendo la bater\u00eda y los instrumentos de percusi\u00f3n.<\/p>\n<p><\/p>\n<ul>\n<li>Edad recomendada: de 3 a 9 a\u00f1os, \u00a1pero el resto tambi\u00e9n ser\u00e1n bienvenidos y bienvenidas!<\/li>\n<li>Duraci\u00f3n: 35 minutos de cuento aproximadamente m\u00e1s el tiempo necesario para que todos los ni\u00f1os y ni\u00f1as puedan tocar la bater\u00eda.<\/li>\n<\/ul>\n<p>[\/et_pb_text][et_pb_button button_url=\u00bb\/wp-content\/uploads\/ESP-Fitxa-WEB-BUM1.pdf\u00bb url_new_window=\u00bbon\u00bb button_text=\u00bbDescargar la ficha\u00bb button_alignment_last_edited=\u00bboff|phone\u00bb module_class=\u00bbboton\u00bb _builder_version=\u00bb4.27.4&#8243; _module_preset=\u00bbdefault\u00bb custom_button=\u00bbon\u00bb button_text_size=\u00bb14px\u00bb button_text_color=\u00bb#FFFFFF\u00bb button_bg_color=\u00bb#f6a12c\u00bb button_border_width=\u00bb1px\u00bb button_border_color=\u00bb#f6a12c\u00bb button_border_radius=\u00bb30px\u00bb button_font=\u00bb|700|||||||\u00bb button_use_icon=\u00bboff\u00bb custom_margin=\u00bb|1em|||false|false\u00bb custom_padding=\u00bb0.5em|1.5em|0.5em|1.5em|true|true\u00bb custom_css_main_element=\u00bbwidth:fit-content !important;||min-width:fit-content !important;||max-width:fit-content !important;||display:block !important;\u00bb custom_css_free_form=\u00bbselector{||  width:fit-content !important;||  min-width:fit-content !important;||  max-width:fit-content !important;||  display:block !important;||}\u00bb locked=\u00bboff\u00bb global_colors_info=\u00bb{}\u00bb button_bg_color__hover_enabled=\u00bbon|hover\u00bb button_bg_color__hover=\u00bbRGBA(255,255,255,0)\u00bb button_bg_enable_color__hover=\u00bbon\u00bb button_text_color__hover_enabled=\u00bbon|hover\u00bb button_text_color__hover=\u00bb#000000&#8243;][\/et_pb_button][\/et_pb_column][\/et_pb_row][\/et_pb_section][et_pb_section fb_built=\u00bb1&#8243; _builder_version=\u00bb4.27.4&#8243; _module_preset=\u00bbdefault\u00bb background_color=\u00bb#f8f7ff\u00bb custom_padding=\u00bb0px||0px||true|false\u00bb global_colors_info=\u00bb{}\u00bb][et_pb_row _builder_version=\u00bb4.27.4&#8243; _module_preset=\u00bbdefault\u00bb width=\u00bb90%\u00bb custom_padding=\u00bb2em||2em||true|false\u00bb locked=\u00bboff\u00bb global_colors_info=\u00bb{}\u00bb][et_pb_column type=\u00bb4_4&#8243; _builder_version=\u00bb4.27.4&#8243; _module_preset=\u00bbdefault\u00bb global_colors_info=\u00bb{}\u00bb][et_pb_text _builder_version=\u00bb4.27.4&#8243; _module_preset=\u00bbdefault\u00bb header_2_font=\u00bb|700|||||||\u00bb header_2_text_align=\u00bbcenter\u00bb header_2_font_size=\u00bb30px\u00bb custom_margin=\u00bb||0em||false|false\u00bb custom_padding=\u00bb||0em||false|false\u00bb header_2_font_size_tablet=\u00bb30px\u00bb header_2_font_size_phone=\u00bb25px\u00bb header_2_font_size_last_edited=\u00bbon|phone\u00bb custom_css_free_form=\u00bbselector h2{||  padding-bottom:0px !important;||}\u00bb global_colors_info=\u00bb{}\u00bb]<\/p>\n<h2>Espect\u00e1culos relacionados<\/h2>\n<p>[\/et_pb_text][\/et_pb_column][\/et_pb_row][et_pb_row column_structure=\u00bb1_3,1_3,1_3&#8243; _builder_version=\u00bb4.27.4&#8243; _module_preset=\u00bbdefault\u00bb width=\u00bb90%\u00bb custom_margin=\u00bb||0em||false|false\u00bb custom_padding=\u00bb1em||3em||false|false\u00bb locked=\u00bboff\u00bb global_colors_info=\u00bb{}\u00bb][et_pb_column type=\u00bb1_3&#8243; _builder_version=\u00bb4.27.4&#8243; _module_preset=\u00bbdefault\u00bb global_colors_info=\u00bb{}\u00bb][et_pb_image src=\u00bbhttps:\/\/www.companyiahomenots.com\/wp-content\/uploads\/companyia-homenots-espectacles-bum-llibre-magic.webp\u00bb title_text=\u00bbcompanyia-homenots-espectacles-bum-llibre-magic\u00bb show_bottom_space=\u00bboff\u00bb _builder_version=\u00bb4.27.4&#8243; _module_preset=\u00bbdefault\u00bb max_width=\u00bb450px\u00bb module_alignment=\u00bbcenter\u00bb custom_margin=\u00bb||2em||false|false\u00bb border_radii=\u00bbon|20px|20px|20px|20px\u00bb global_colors_info=\u00bb{}\u00bb][\/et_pb_image][et_pb_text _builder_version=\u00bb4.27.4&#8243; _module_preset=\u00bbdefault\u00bb header_3_font=\u00bb|700|||||||\u00bb header_3_text_align=\u00bbcenter\u00bb custom_margin=\u00bb||1em||false|false\u00bb header_3_font_size_tablet=\u00bb\u00bb header_3_font_size_phone=\u00bb20px\u00bb header_3_font_size_last_edited=\u00bbon|phone\u00bb global_colors_info=\u00bb{}\u00bb]<\/p>\n<h3>Bum y el libro m\u00e1gico de las hadas<\/h3>\n<p>[\/et_pb_text][et_pb_button button_url=\u00bb@ET-DC@eyJkeW5hbWljIjp0cnVlLCJjb250ZW50IjoicG9zdF9saW5rX3VybF9wYWdlIiwic2V0dGluZ3MiOnsicG9zdF9pZCI6IjgyODUifX0=@\u00bb button_text=\u00bbSaber m\u00e1s\u00bb button_alignment=\u00bbcenter\u00bb module_class=\u00bbboton\u00bb _builder_version=\u00bb4.27.4&#8243; _dynamic_attributes=\u00bbbutton_url\u00bb _module_preset=\u00bbdefault\u00bb custom_button=\u00bbon\u00bb button_text_size=\u00bb14px\u00bb button_text_color=\u00bb#FFFFFF\u00bb button_bg_color=\u00bb#f6a12c\u00bb button_border_width=\u00bb1px\u00bb button_border_color=\u00bb#f6a12c\u00bb button_border_radius=\u00bb30px\u00bb button_font=\u00bb|700|||||||\u00bb button_use_icon=\u00bboff\u00bb custom_margin=\u00bb||||false|false\u00bb custom_padding=\u00bb0.5em|1.5em|0.5em|1.5em|true|true\u00bb global_colors_info=\u00bb{}\u00bb button_bg_color__hover_enabled=\u00bbon|hover\u00bb button_bg_color__hover=\u00bbRGBA(255,255,255,0)\u00bb button_bg_enable_color__hover=\u00bbon\u00bb button_text_color__hover=\u00bb#000000&#8243; button_text_color__hover_enabled=\u00bbon|hover\u00bb][\/et_pb_button][\/et_pb_column][et_pb_column type=\u00bb1_3&#8243; _builder_version=\u00bb4.27.4&#8243; _module_preset=\u00bbdefault\u00bb global_colors_info=\u00bb{}\u00bb][et_pb_image src=\u00bbhttps:\/\/www.companyiahomenots.com\/wp-content\/uploads\/companyia-homenots-espectacles-bum-estel-desitjos.webp\u00bb title_text=\u00bbcompanyia-homenots-espectacles-bum-estel-desitjos\u00bb show_bottom_space=\u00bboff\u00bb _builder_version=\u00bb4.27.4&#8243; _module_preset=\u00bbdefault\u00bb max_width=\u00bb450px\u00bb module_alignment=\u00bbcenter\u00bb custom_margin=\u00bb||2em||false|false\u00bb border_radii=\u00bbon|20px|20px|20px|20px\u00bb global_colors_info=\u00bb{}\u00bb][\/et_pb_image][et_pb_text _builder_version=\u00bb4.27.4&#8243; _module_preset=\u00bbdefault\u00bb header_3_font=\u00bb|700|||||||\u00bb header_3_text_align=\u00bbcenter\u00bb custom_margin=\u00bb||1em||false|false\u00bb header_3_font_size_tablet=\u00bb\u00bb header_3_font_size_phone=\u00bb20px\u00bb header_3_font_size_last_edited=\u00bbon|phone\u00bb global_colors_info=\u00bb{}\u00bb]<\/p>\n<h3>Bum y la estrella de los deseos<\/h3>\n<p>[\/et_pb_text][et_pb_button button_url=\u00bb@ET-DC@eyJkeW5hbWljIjp0cnVlLCJjb250ZW50IjoicG9zdF9saW5rX3VybF9wYWdlIiwic2V0dGluZ3MiOnsicG9zdF9pZCI6IjgyODcifX0=@\u00bb button_text=\u00bbSaber m\u00e1s\u00bb button_alignment=\u00bbcenter\u00bb module_class=\u00bbboton\u00bb _builder_version=\u00bb4.27.4&#8243; _dynamic_attributes=\u00bbbutton_url\u00bb _module_preset=\u00bbdefault\u00bb custom_button=\u00bbon\u00bb button_text_size=\u00bb14px\u00bb button_text_color=\u00bb#FFFFFF\u00bb button_bg_color=\u00bb#f6a12c\u00bb button_border_width=\u00bb1px\u00bb button_border_color=\u00bb#f6a12c\u00bb button_border_radius=\u00bb30px\u00bb button_font=\u00bb|700|||||||\u00bb button_use_icon=\u00bboff\u00bb custom_margin=\u00bb||||false|false\u00bb custom_padding=\u00bb0.5em|1.5em|0.5em|1.5em|true|true\u00bb global_colors_info=\u00bb{}\u00bb button_bg_color__hover_enabled=\u00bbon|hover\u00bb button_bg_color__hover=\u00bbRGBA(255,255,255,0)\u00bb button_bg_enable_color__hover=\u00bbon\u00bb button_text_color__hover_enabled=\u00bbon|hover\u00bb button_text_color__hover=\u00bb#000000&#8243;][\/et_pb_button][\/et_pb_column][et_pb_column type=\u00bb1_3&#8243; _builder_version=\u00bb4.27.4&#8243; _module_preset=\u00bbdefault\u00bb global_colors_info=\u00bb{}\u00bb][et_pb_image src=\u00bbhttps:\/\/www.companyiahomenots.com\/wp-content\/uploads\/companyia-homenots-espectacles-bum-secret-amistat-1.webp\u00bb title_text=\u00bbcompanyia-homenots-espectacles-bum-secret-amistat\u00bb show_bottom_space=\u00bboff\u00bb _builder_version=\u00bb4.27.4&#8243; _module_preset=\u00bbdefault\u00bb max_width=\u00bb450px\u00bb module_alignment=\u00bbcenter\u00bb custom_margin=\u00bb||2em||false|false\u00bb border_radii=\u00bbon|20px|20px|20px|20px\u00bb global_colors_info=\u00bb{}\u00bb][\/et_pb_image][et_pb_text _builder_version=\u00bb4.27.4&#8243; _module_preset=\u00bbdefault\u00bb header_3_font=\u00bb|700|||||||\u00bb header_3_text_align=\u00bbcenter\u00bb custom_margin=\u00bb||1em||false|false\u00bb header_3_font_size_tablet=\u00bb\u00bb header_3_font_size_phone=\u00bb20px\u00bb header_3_font_size_last_edited=\u00bbon|phone\u00bb global_colors_info=\u00bb{}\u00bb]<\/p>\n<h3>Bum y el secreto de la amistad<\/h3>\n<p>[\/et_pb_text][et_pb_button button_url=\u00bb@ET-DC@eyJkeW5hbWljIjp0cnVlLCJjb250ZW50IjoicG9zdF9saW5rX3VybF9wYWdlIiwic2V0dGluZ3MiOnsicG9zdF9pZCI6IjgyODkifX0=@\u00bb button_text=\u00bbSaber m\u00e1s\u00bb button_alignment=\u00bbcenter\u00bb module_class=\u00bbboton\u00bb _builder_version=\u00bb4.27.4&#8243; _dynamic_attributes=\u00bbbutton_url\u00bb _module_preset=\u00bbdefault\u00bb custom_button=\u00bbon\u00bb button_text_size=\u00bb14px\u00bb button_text_color=\u00bb#FFFFFF\u00bb button_bg_color=\u00bb#f6a12c\u00bb button_border_width=\u00bb1px\u00bb button_border_color=\u00bb#f6a12c\u00bb button_border_radius=\u00bb30px\u00bb button_font=\u00bb|700|||||||\u00bb button_use_icon=\u00bboff\u00bb custom_margin=\u00bb||||false|false\u00bb custom_padding=\u00bb0.5em|1.5em|0.5em|1.5em|true|true\u00bb global_colors_info=\u00bb{}\u00bb button_bg_color__hover_enabled=\u00bbon|hover\u00bb button_bg_color__hover=\u00bbRGBA(255,255,255,0)\u00bb button_bg_enable_color__hover=\u00bbon\u00bb button_text_color__hover_enabled=\u00bbon|hover\u00bb button_text_color__hover=\u00bb#000000&#8243;][\/et_pb_button][\/et_pb_column][\/et_pb_row][\/et_pb_section]<\/p>\n","protected":false},"excerpt":{"rendered":"<p>Bum y el tesoro del pirataBUM es un elefante que una noche se entera de que en la playa de la Media Luna hay un tesoro pirata escondido. Con la ayuda de sus amigos har\u00e1 todo lo posible para encontrarlo, \u00bflo conseguir\u00e1? Una divertida manera de vivir un rato de aventuras descubriendo la bater\u00eda y [&hellip;]<\/p>\n","protected":false},"author":1,"featured_media":0,"parent":9918,"menu_order":0,"comment_status":"closed","ping_status":"closed","template":"","meta":{"_et_pb_use_builder":"on","_et_pb_old_content":"","_et_gb_content_width":"","inline_featured_image":false,"footnotes":""},"class_list":["post-9927","page","type-page","status-publish","hentry"],"yoast_head":"<!-- This site is optimized with the Yoast SEO plugin v25.7 - https:\/\/yoast.com\/wordpress\/plugins\/seo\/ -->\n<title>Bum y el tesoro del pirata | Companyia Homenots<\/title>\n<meta name=\"description\" content=\"Acompa\u00f1a a Bum en una aventura musical para encontrar un tesoro pirata. Percusi\u00f3n, emoci\u00f3n y diversi\u00f3n de 3 a 9 a\u00f1os.\" \/>\n<meta name=\"robots\" content=\"index, follow, max-snippet:-1, max-image-preview:large, max-video-preview:-1\" \/>\n<link rel=\"canonical\" href=\"https:\/\/www.companyiahomenots.com\/espectacles\/en-bum-i-el-tresor-del-pirata\/\" \/>\n<meta property=\"og:locale\" content=\"es_ES\" \/>\n<meta property=\"og:type\" content=\"article\" \/>\n<meta property=\"og:title\" content=\"Bum y el tesoro del pirata | Companyia Homenots\" \/>\n<meta property=\"og:description\" content=\"Acompa\u00f1a a Bum en una aventura musical para encontrar un tesoro pirata. Percusi\u00f3n, emoci\u00f3n y diversi\u00f3n de 3 a 9 a\u00f1os.\" \/>\n<meta property=\"og:url\" content=\"https:\/\/www.companyiahomenots.com\/espectacles\/en-bum-i-el-tresor-del-pirata\/\" \/>\n<meta property=\"og:site_name\" content=\"Companyia Homenots\" \/>\n<meta property=\"article:modified_time\" content=\"2025-08-21T08:44:03+00:00\" \/>\n<meta name=\"twitter:card\" content=\"summary_large_image\" \/>\n<meta name=\"twitter:label1\" content=\"Tiempo de lectura\" \/>\n\t<meta name=\"twitter:data1\" content=\"2 minutos\" \/>\n<script type=\"application\/ld+json\" class=\"yoast-schema-graph\">{\"@context\":\"https:\/\/schema.org\",\"@graph\":[{\"@type\":\"WebPage\",\"@id\":\"https:\/\/www.companyiahomenots.com\/espectacles\/en-bum-i-el-tresor-del-pirata\/\",\"url\":\"https:\/\/www.companyiahomenots.com\/espectacles\/en-bum-i-el-tresor-del-pirata\/\",\"name\":\"Bum y el tesoro del pirata | Companyia Homenots\",\"isPartOf\":{\"@id\":\"https:\/\/www.companyiahomenots.com\/#website\"},\"datePublished\":\"2025-07-30T13:16:37+00:00\",\"dateModified\":\"2025-08-21T08:44:03+00:00\",\"description\":\"Acompa\u00f1a a Bum en una aventura musical para encontrar un tesoro pirata. Percusi\u00f3n, emoci\u00f3n y diversi\u00f3n de 3 a 9 a\u00f1os.\",\"breadcrumb\":{\"@id\":\"https:\/\/www.companyiahomenots.com\/espectacles\/en-bum-i-el-tresor-del-pirata\/#breadcrumb\"},\"inLanguage\":\"es\",\"potentialAction\":[{\"@type\":\"ReadAction\",\"target\":[\"https:\/\/www.companyiahomenots.com\/espectacles\/en-bum-i-el-tresor-del-pirata\/\"]}]},{\"@type\":\"BreadcrumbList\",\"@id\":\"https:\/\/www.companyiahomenots.com\/espectacles\/en-bum-i-el-tresor-del-pirata\/#breadcrumb\",\"itemListElement\":[{\"@type\":\"ListItem\",\"position\":1,\"name\":\"Home\",\"item\":\"https:\/\/www.companyiahomenots.com\/\"},{\"@type\":\"ListItem\",\"position\":2,\"name\":\"Espect\u00e1culos\",\"item\":\"https:\/\/www.companyiahomenots.com\/es\/espectaculos\/\"},{\"@type\":\"ListItem\",\"position\":3,\"name\":\"Bum y el tesoro del pirata\"}]},{\"@type\":\"WebSite\",\"@id\":\"https:\/\/www.companyiahomenots.com\/#website\",\"url\":\"https:\/\/www.companyiahomenots.com\/\",\"name\":\"Companyia Homenots\",\"description\":\"\",\"potentialAction\":[{\"@type\":\"SearchAction\",\"target\":{\"@type\":\"EntryPoint\",\"urlTemplate\":\"https:\/\/www.companyiahomenots.com\/?s={search_term_string}\"},\"query-input\":{\"@type\":\"PropertyValueSpecification\",\"valueRequired\":true,\"valueName\":\"search_term_string\"}}],\"inLanguage\":\"es\"}]}<\/script>\n<!-- \/ Yoast SEO plugin. -->","yoast_head_json":{"title":"Bum y el tesoro del pirata | Companyia Homenots","description":"Acompa\u00f1a a Bum en una aventura musical para encontrar un tesoro pirata. Percusi\u00f3n, emoci\u00f3n y diversi\u00f3n de 3 a 9 a\u00f1os.","robots":{"index":"index","follow":"follow","max-snippet":"max-snippet:-1","max-image-preview":"max-image-preview:large","max-video-preview":"max-video-preview:-1"},"canonical":"https:\/\/www.companyiahomenots.com\/espectacles\/en-bum-i-el-tresor-del-pirata\/","og_locale":"es_ES","og_type":"article","og_title":"Bum y el tesoro del pirata | Companyia Homenots","og_description":"Acompa\u00f1a a Bum en una aventura musical para encontrar un tesoro pirata. Percusi\u00f3n, emoci\u00f3n y diversi\u00f3n de 3 a 9 a\u00f1os.","og_url":"https:\/\/www.companyiahomenots.com\/espectacles\/en-bum-i-el-tresor-del-pirata\/","og_site_name":"Companyia Homenots","article_modified_time":"2025-08-21T08:44:03+00:00","twitter_card":"summary_large_image","twitter_misc":{"Tiempo de lectura":"2 minutos"},"schema":{"@context":"https:\/\/schema.org","@graph":[{"@type":"WebPage","@id":"https:\/\/www.companyiahomenots.com\/espectacles\/en-bum-i-el-tresor-del-pirata\/","url":"https:\/\/www.companyiahomenots.com\/espectacles\/en-bum-i-el-tresor-del-pirata\/","name":"Bum y el tesoro del pirata | Companyia Homenots","isPartOf":{"@id":"https:\/\/www.companyiahomenots.com\/#website"},"datePublished":"2025-07-30T13:16:37+00:00","dateModified":"2025-08-21T08:44:03+00:00","description":"Acompa\u00f1a a Bum en una aventura musical para encontrar un tesoro pirata. Percusi\u00f3n, emoci\u00f3n y diversi\u00f3n de 3 a 9 a\u00f1os.","breadcrumb":{"@id":"https:\/\/www.companyiahomenots.com\/espectacles\/en-bum-i-el-tresor-del-pirata\/#breadcrumb"},"inLanguage":"es","potentialAction":[{"@type":"ReadAction","target":["https:\/\/www.companyiahomenots.com\/espectacles\/en-bum-i-el-tresor-del-pirata\/"]}]},{"@type":"BreadcrumbList","@id":"https:\/\/www.companyiahomenots.com\/espectacles\/en-bum-i-el-tresor-del-pirata\/#breadcrumb","itemListElement":[{"@type":"ListItem","position":1,"name":"Home","item":"https:\/\/www.companyiahomenots.com\/"},{"@type":"ListItem","position":2,"name":"Espect\u00e1culos","item":"https:\/\/www.companyiahomenots.com\/es\/espectaculos\/"},{"@type":"ListItem","position":3,"name":"Bum y el tesoro del pirata"}]},{"@type":"WebSite","@id":"https:\/\/www.companyiahomenots.com\/#website","url":"https:\/\/www.companyiahomenots.com\/","name":"Companyia Homenots","description":"","potentialAction":[{"@type":"SearchAction","target":{"@type":"EntryPoint","urlTemplate":"https:\/\/www.companyiahomenots.com\/?s={search_term_string}"},"query-input":{"@type":"PropertyValueSpecification","valueRequired":true,"valueName":"search_term_string"}}],"inLanguage":"es"}]}},"_links":{"self":[{"href":"https:\/\/www.companyiahomenots.com\/es\/wp-json\/wp\/v2\/pages\/9927","targetHints":{"allow":["GET"]}}],"collection":[{"href":"https:\/\/www.companyiahomenots.com\/es\/wp-json\/wp\/v2\/pages"}],"about":[{"href":"https:\/\/www.companyiahomenots.com\/es\/wp-json\/wp\/v2\/types\/page"}],"author":[{"embeddable":true,"href":"https:\/\/www.companyiahomenots.com\/es\/wp-json\/wp\/v2\/users\/1"}],"replies":[{"embeddable":true,"href":"https:\/\/www.companyiahomenots.com\/es\/wp-json\/wp\/v2\/comments?post=9927"}],"version-history":[{"count":7,"href":"https:\/\/www.companyiahomenots.com\/es\/wp-json\/wp\/v2\/pages\/9927\/revisions"}],"predecessor-version":[{"id":10152,"href":"https:\/\/www.companyiahomenots.com\/es\/wp-json\/wp\/v2\/pages\/9927\/revisions\/10152"}],"up":[{"embeddable":true,"href":"https:\/\/www.companyiahomenots.com\/es\/wp-json\/wp\/v2\/pages\/9918"}],"wp:attachment":[{"href":"https:\/\/www.companyiahomenots.com\/es\/wp-json\/wp\/v2\/media?parent=9927"}],"curies":[{"name":"wp","href":"https:\/\/api.w.org\/{rel}","templated":true}]}}