{"id":9957,"date":"2025-07-30T12:03:34","date_gmt":"2025-07-30T10:03:34","guid":{"rendered":"https:\/\/www.companyiahomenots.com\/contacto\/"},"modified":"2025-10-29T11:04:45","modified_gmt":"2025-10-29T10:04:45","slug":"contacto","status":"publish","type":"page","link":"https:\/\/www.companyiahomenots.com\/es\/contacto\/","title":{"rendered":"Contacto"},"content":{"rendered":"<p>[et_pb_section fb_built=\u00bb1&#8243; _builder_version=\u00bb4.27.4&#8243; _module_preset=\u00bbdefault\u00bb custom_padding=\u00bb0px||0px||true|false\u00bb global_colors_info=\u00bb{}\u00bb][et_pb_row column_structure=\u00bb1_2,1_2&#8243; _builder_version=\u00bb4.27.4&#8243; _module_preset=\u00bbdefault\u00bb width=\u00bb90%\u00bb custom_padding=\u00bb2em||2em||true|false\u00bb global_colors_info=\u00bb{}\u00bb][et_pb_column type=\u00bb1_2&#8243; _builder_version=\u00bb4.27.4&#8243; _module_preset=\u00bbdefault\u00bb global_colors_info=\u00bb{}\u00bb][et_pb_text _builder_version=\u00bb4.27.4&#8243; _module_preset=\u00bbdefault\u00bb header_text_align=\u00bbleft\u00bb header_2_font=\u00bb|700|||||||\u00bb header_2_text_align=\u00bbleft\u00bb header_2_font_size=\u00bb30px\u00bb custom_margin=\u00bb||1em||false|false\u00bb custom_padding=\u00bb||0em||false|false\u00bb header_font_size_tablet=\u00bb\u00bb header_font_size_phone=\u00bb25px\u00bb header_font_size_last_edited=\u00bbon|phone\u00bb header_2_font_size_tablet=\u00bb30px\u00bb header_2_font_size_phone=\u00bb25px\u00bb header_2_font_size_last_edited=\u00bbon|phone\u00bb custom_css_free_form=\u00bbselector h2{||  padding-bottom:0px !important;||}\u00bb global_colors_info=\u00bb{}\u00bb]<\/p>\n<h2>Cont\u00e1ctanos<\/h2>\n<p>[\/et_pb_text][et_pb_text _builder_version=\u00bb4.27.4&#8243; _module_preset=\u00bbdefault\u00bb global_colors_info=\u00bb{}\u00bb]<\/p>\n<p>Si quieres conocer la compa\u00f1\u00eda m\u00e1s a fondo o tienes cualquier duda sobre nuestros espect\u00e1culos, no dudes en ponerte en contacto con nosotros.<\/p>\n<p>[\/et_pb_text][et_pb_code _builder_version=\u00bb4.27.4&#8243; _module_preset=\u00bbdefault\u00bb hover_enabled=\u00bb0&#8243; custom_css_free_form=\u00bbselector i{||  color:white;||  background:#9f691d;||  padding:0.8em;||  width:1.5em;||  height:1.5em;||  border-radius:100%;||  text-align:center;||  margin-right:1em;||  display:inline-flex;||  align-items:center;||  justify-content:center;||}||selector a{||  font-size:18px;||  font-weight:bold;||}\u00bb global_colors_info=\u00bb{}\u00bb sticky_enabled=\u00bb0&#8243;]<i class=\"fa-solid fa-mobile-screen-button\" aria-hidden=\"true\"><\/i><a href=\"tel:+34693719107\" title=\"Llamar al tel\u00e9fono de contacto de Ignasi\"<!-- [et_pb_line_break_holder] --> aria-label=\u00bbLlamar al n\u00famero 693 719 107 de Ignasi\u00bb>693 719 107 (Ignasi)<\/a>[\/et_pb_code][et_pb_code _builder_version=\u00bb4.27.4&#8243; _module_preset=\u00bbdefault\u00bb hover_enabled=\u00bb0&#8243; custom_css_free_form=\u00bbselector i{||  color:white;||  background:#9f691d;||  padding:0.8em;||  width:1.5em;||  height:1.5em;||  border-radius:100%;||  text-align:center;||  margin-right:1em;||  display:inline-flex;||  align-items:center;||  justify-content:center;||}||selector a{||  font-size:18px;||  font-weight:bold;||}\u00bb global_colors_info=\u00bb{}\u00bb sticky_enabled=\u00bb0&#8243;]<i class=\"fa-solid fa-envelope\" aria-hidden=\"true\"><\/i><a href=\"mailto:info@companyiahomenots.com\" title=\"Enviar un correo electr\u00f3nico a Ignasi\" aria-label=\"Enviar un correo electr\u00f3nico a la direcci\u00f3n info arroba companyiahomenots punto com\">info@companyiahomenots.com<\/a>[\/et_pb_code][et_pb_code _builder_version=\u00bb4.27.4&#8243; _module_preset=\u00bbdefault\u00bb hover_enabled=\u00bb0&#8243; custom_css_free_form=\u00bbselector i{||  color:white;||  background:#9f691d;||  padding:0.2em;||  width:1.8em;||  height:1.8em;||  border-radius:100%;||  text-align:center;||  margin-right:1.5em;||  display:inline-flex;||  align-items:center;||  justify-content:center;||}||@media(max-width:768px){||  selector i{||  width:2em;||  height:2em;||}||}\u00bb global_colors_info=\u00bb{}\u00bb sticky_enabled=\u00bb0&#8243;]  <a href=\"https:\/\/www.facebook.com\/companyiahomenots\" <!-- [et_pb_line_break_holder] --> target=\u00bb_blank\u00bb <!-- [et_pb_line_break_holder] --> rel=\u00bbnoopener\u00bb <!-- [et_pb_line_break_holder] --> title=\u00bbAbrir el Facebook de Companyia Homenots en una nueva pesta\u00f1a\u00bb <!-- [et_pb_line_break_holder] --> aria-label=\u00bbAbrir el Facebook de Companyia Homenots en una nueva pesta\u00f1a\u00bb><!-- [et_pb_line_break_holder] --><i class=\"fa-brands fa-facebook-f\" aria-hidden=\"true\"><\/i><!-- [et_pb_line_break_holder] --><\/a><!-- [et_pb_line_break_holder] --><a href=\"https:\/\/www.instagram.com\/companyiahomenots\" <!-- [et_pb_line_break_holder] --> target=\u00bb_blank\u00bb <!-- [et_pb_line_break_holder] --> rel=\u00bbnoopener\u00bb <!-- [et_pb_line_break_holder] --> title=\u00bbAbrir el Instagram de Companyia Homenots en una nueva pesta\u00f1a\u00bb <!-- [et_pb_line_break_holder] --> aria-label=\u00bbAbrir el Instagram de Companyia Homenots en una nueva pesta\u00f1a\u00bb><!-- [et_pb_line_break_holder] --><i class=\"fa-brands fa-instagram\" aria-hidden=\"true\"><\/i><!-- [et_pb_line_break_holder] --><\/a>[\/et_pb_code][\/et_pb_column][et_pb_column type=\u00bb1_2&#8243; _builder_version=\u00bb4.27.4&#8243; _module_preset=\u00bbdefault\u00bb background_color=\u00bb#f8f7ff\u00bb custom_padding=\u00bb2em|2em|0em|2em|false|true\u00bb global_colors_info=\u00bb{}\u00bb][et_pb_text _builder_version=\u00bb4.27.4&#8243; _module_preset=\u00bbdefault\u00bb header_2_font=\u00bb|700|||||||\u00bb header_2_text_align=\u00bbcenter\u00bb header_2_font_size=\u00bb22px\u00bb custom_margin=\u00bb||2em||false|false\u00bb custom_padding=\u00bb||0em||false|false\u00bb header_2_font_size_tablet=\u00bb22px\u00bb header_2_font_size_phone=\u00bb20px\u00bb header_2_font_size_last_edited=\u00bbon|phone\u00bb custom_css_free_form=\u00bbselector h2{||  padding-bottom:0px !important;||}\u00bb global_colors_info=\u00bb{}\u00bb]<\/p>\n<h2>Formulario de contacto<\/h2>\n<p>[\/et_pb_text][et_pb_code _builder_version=\u00bb4.27.4&#8243; _module_preset=\u00bbdefault\u00bb global_colors_info=\u00bb{}\u00bb]\n<div class=\"wpcf7 no-js\" id=\"wpcf7-f9287-o1\" lang=\"es-ES\" dir=\"ltr\" data-wpcf7-id=\"9287\">\n<div class=\"screen-reader-response\"><p role=\"status\" aria-live=\"polite\" aria-atomic=\"true\"><\/p> <ul><\/ul><\/div>\n<form action=\"\/es\/wp-json\/wp\/v2\/pages\/9957#wpcf7-f9287-o1\" method=\"post\" class=\"wpcf7-form init\" aria-label=\"Formulario de contacto\" novalidate=\"novalidate\" data-status=\"init\">\n<fieldset class=\"hidden-fields-container\"><input type=\"hidden\" name=\"_wpcf7\" value=\"9287\" \/><input type=\"hidden\" name=\"_wpcf7_version\" value=\"6.1.1\" \/><input type=\"hidden\" name=\"_wpcf7_locale\" value=\"es_ES\" \/><input type=\"hidden\" name=\"_wpcf7_unit_tag\" value=\"wpcf7-f9287-o1\" \/><input type=\"hidden\" name=\"_wpcf7_container_post\" value=\"0\" \/><input type=\"hidden\" name=\"_wpcf7_posted_data_hash\" value=\"\" \/>\n<\/fieldset>\n<div class=\"form-izq\">\n\t<p><label><br \/>\n<span class=\"wpcf7-form-control-wrap\" data-name=\"your-name\"><input size=\"40\" maxlength=\"400\" class=\"wpcf7-form-control wpcf7-text wpcf7-validates-as-required\" autocomplete=\"name\" aria-required=\"true\" aria-invalid=\"false\" placeholder=\"Nom *\" value=\"\" type=\"text\" name=\"your-name\" \/><\/span><br \/>\n<\/label>\n\t<\/p>\n<\/div>\n<div class=\"form-dch\">\n\t<p><label><br \/>\n<span class=\"wpcf7-form-control-wrap\" data-name=\"your-email\"><input size=\"40\" maxlength=\"400\" class=\"wpcf7-form-control wpcf7-email wpcf7-validates-as-required wpcf7-text wpcf7-validates-as-email\" autocomplete=\"email\" aria-required=\"true\" aria-invalid=\"false\" placeholder=\"Email *\" value=\"\" type=\"email\" name=\"your-email\" \/><\/span><br \/>\n<\/label>\n\t<\/p>\n<\/div>\n<div class=\"form-full\">\n\t<p><label><br \/>\n<span class=\"wpcf7-form-control-wrap\" data-name=\"your-message\"><textarea cols=\"40\" rows=\"10\" maxlength=\"2000\" class=\"wpcf7-form-control wpcf7-textarea\" aria-invalid=\"false\" placeholder=\"Missatge...\" name=\"your-message\"><\/textarea><\/span><br \/>\n<\/label>\n\t<\/p>\n<\/div>\n<div class=\"form-full\">\n\t<p><label class=\"privacidad\"><span class=\"wpcf7-form-control-wrap\" data-name=\"privacidad\"><span class=\"wpcf7-form-control wpcf7-acceptance\"><span class=\"wpcf7-list-item\"><label><input type=\"checkbox\" name=\"privacidad\" value=\"1\" aria-invalid=\"false\" \/><span class=\"wpcf7-list-item-label\">He llegit i accepto la <a href=\"\/politica-de-privacitat\/\" target=\"_blank\">pol\u00edtica de privacitat<\/a>.<\/span><\/label><\/span><\/span><\/span><\/label><br \/>\n<span id=\"wpcf7-69e74aec270ff-wrapper\" class=\"wpcf7-form-control-wrap email-wrap\" style=\"display:none !important; visibility:hidden !important;\"><label for=\"wpcf7-69e74aec270ff-field\" class=\"hp-message\">Por favor, deja este campo vac\u00edo.<\/label><input id=\"wpcf7-69e74aec270ff-field\"  class=\"wpcf7-form-control wpcf7-text\" type=\"text\" name=\"email\" value=\"\" size=\"40\" tabindex=\"-1\" autocomplete=\"new-password\" \/><\/span><br \/>\n<input class=\"wpcf7-form-control wpcf7-submit has-spinner\" type=\"submit\" value=\"Enviar\" \/>\n\t<\/p>\n<\/div><div class=\"wpcf7-response-output\" aria-hidden=\"true\"><\/div>\n<\/form>\n<\/div>\n[\/et_pb_code][\/et_pb_column][\/et_pb_row][\/et_pb_section]<\/p>\n","protected":false},"excerpt":{"rendered":"<p>Cont\u00e1ctanosSi quieres conocer la compa\u00f1\u00eda m\u00e1s a fondo o tienes cualquier duda sobre nuestros espect\u00e1culos, no dudes en ponerte en contacto con nosotros.Formulario de contacto\n<div class=\"wpcf7 no-js\" id=\"wpcf7-f9287-o2\" lang=\"es-ES\" dir=\"ltr\" data-wpcf7-id=\"9287\">\n<div class=\"screen-reader-response\"><p role=\"status\" aria-live=\"polite\" aria-atomic=\"true\"><\/p> <ul><\/ul><\/div>\n<form action=\"\/es\/wp-json\/wp\/v2\/pages\/9957#wpcf7-f9287-o2\" method=\"post\" class=\"wpcf7-form init\" aria-label=\"Formulario de contacto\" novalidate=\"novalidate\" data-status=\"init\">\n<fieldset class=\"hidden-fields-container\"><input type=\"hidden\" name=\"_wpcf7\" value=\"9287\" \/><input type=\"hidden\" name=\"_wpcf7_version\" value=\"6.1.1\" \/><input type=\"hidden\" name=\"_wpcf7_locale\" value=\"es_ES\" \/><input type=\"hidden\" name=\"_wpcf7_unit_tag\" value=\"wpcf7-f9287-o2\" \/><input type=\"hidden\" name=\"_wpcf7_container_post\" value=\"0\" \/><input type=\"hidden\" name=\"_wpcf7_posted_data_hash\" value=\"\" \/>\n<\/fieldset>\n<div class=\"form-izq\">\n\t<p><label><br \/>\n<span class=\"wpcf7-form-control-wrap\" data-name=\"your-name\"><input size=\"40\" maxlength=\"400\" class=\"wpcf7-form-control wpcf7-text wpcf7-validates-as-required\" autocomplete=\"name\" aria-required=\"true\" aria-invalid=\"false\" placeholder=\"Nom *\" value=\"\" type=\"text\" name=\"your-name\" \/><\/span><br \/>\n<\/label>\n\t<\/p>\n<\/div>\n<div class=\"form-dch\">\n\t<p><label><br \/>\n<span class=\"wpcf7-form-control-wrap\" data-name=\"your-email\"><input size=\"40\" maxlength=\"400\" class=\"wpcf7-form-control wpcf7-email wpcf7-validates-as-required wpcf7-text wpcf7-validates-as-email\" autocomplete=\"email\" aria-required=\"true\" aria-invalid=\"false\" placeholder=\"Email *\" value=\"\" type=\"email\" name=\"your-email\" \/><\/span><br \/>\n<\/label>\n\t<\/p>\n<\/div>\n<div class=\"form-full\">\n\t<p><label><br \/>\n<span class=\"wpcf7-form-control-wrap\" data-name=\"your-message\"><textarea cols=\"40\" rows=\"10\" maxlength=\"2000\" class=\"wpcf7-form-control wpcf7-textarea\" aria-invalid=\"false\" placeholder=\"Missatge...\" name=\"your-message\"><\/textarea><\/span><br \/>\n<\/label>\n\t<\/p>\n<\/div>\n<div class=\"form-full\">\n\t<p><label class=\"privacidad\"><span class=\"wpcf7-form-control-wrap\" data-name=\"privacidad\"><span class=\"wpcf7-form-control wpcf7-acceptance\"><span class=\"wpcf7-list-item\"><label><input type=\"checkbox\" name=\"privacidad\" value=\"1\" aria-invalid=\"false\" \/><span class=\"wpcf7-list-item-label\">He llegit i accepto la <a href=\"\/politica-de-privacitat\/\" target=\"_blank\">pol\u00edtica de privacitat<\/a>.<\/span><\/label><\/span><\/span><\/span><\/label><br \/>\n<span id=\"wpcf7-69e74aec375c7-wrapper\" class=\"wpcf7-form-control-wrap email-wrap\" style=\"display:none !important; visibility:hidden !important;\"><label for=\"wpcf7-69e74aec375c7-field\" class=\"hp-message\">Por favor, deja este campo vac\u00edo.<\/label><input id=\"wpcf7-69e74aec375c7-field\"  class=\"wpcf7-form-control wpcf7-text\" type=\"text\" name=\"email\" value=\"\" size=\"40\" tabindex=\"-1\" autocomplete=\"new-password\" \/><\/span><br \/>\n<input class=\"wpcf7-form-control wpcf7-submit has-spinner\" type=\"submit\" value=\"Enviar\" \/>\n\t<\/p>\n<\/div><div class=\"wpcf7-response-output\" aria-hidden=\"true\"><\/div>\n<\/form>\n<\/div>\n<\/p>\n","protected":false},"author":1,"featured_media":0,"parent":0,"menu_order":0,"comment_status":"closed","ping_status":"closed","template":"","meta":{"_et_pb_use_builder":"on","_et_pb_old_content":"","_et_gb_content_width":"","inline_featured_image":false,"footnotes":""},"class_list":["post-9957","page","type-page","status-publish","hentry"],"yoast_head":"<!-- This site is optimized with the Yoast SEO plugin v25.7 - https:\/\/yoast.com\/wordpress\/plugins\/seo\/ -->\n<title>Contacta con nosotros | Companya Homenots<\/title>\n<meta name=\"description\" content=\"\u00bfTienes dudas o quieres saber m\u00e1s? Contacta con la Companyia Homenots y descubre c\u00f3mo llevar la magia del teatro infantil a tu vida.\" \/>\n<meta name=\"robots\" content=\"index, follow, max-snippet:-1, max-image-preview:large, max-video-preview:-1\" \/>\n<link rel=\"canonical\" href=\"https:\/\/www.companyiahomenots.com\/contacte\/\" \/>\n<meta property=\"og:locale\" content=\"es_ES\" \/>\n<meta property=\"og:type\" content=\"article\" \/>\n<meta property=\"og:title\" content=\"Contacta con nosotros | Companya Homenots\" \/>\n<meta property=\"og:description\" content=\"\u00bfTienes dudas o quieres saber m\u00e1s? Contacta con la Companyia Homenots y descubre c\u00f3mo llevar la magia del teatro infantil a tu vida.\" \/>\n<meta property=\"og:url\" content=\"https:\/\/www.companyiahomenots.com\/contacte\/\" \/>\n<meta property=\"og:site_name\" content=\"Companyia Homenots\" \/>\n<meta property=\"article:modified_time\" content=\"2025-10-29T10:04:45+00:00\" \/>\n<meta name=\"twitter:card\" content=\"summary_large_image\" \/>\n<meta name=\"twitter:label1\" content=\"Tiempo de lectura\" \/>\n\t<meta name=\"twitter:data1\" content=\"1 minuto\" \/>\n<script type=\"application\/ld+json\" class=\"yoast-schema-graph\">{\"@context\":\"https:\/\/schema.org\",\"@graph\":[{\"@type\":\"WebPage\",\"@id\":\"https:\/\/www.companyiahomenots.com\/contacte\/\",\"url\":\"https:\/\/www.companyiahomenots.com\/contacte\/\",\"name\":\"Contacta con nosotros | Companya Homenots\",\"isPartOf\":{\"@id\":\"https:\/\/www.companyiahomenots.com\/#website\"},\"datePublished\":\"2025-07-30T10:03:34+00:00\",\"dateModified\":\"2025-10-29T10:04:45+00:00\",\"description\":\"\u00bfTienes dudas o quieres saber m\u00e1s? Contacta con la Companyia Homenots y descubre c\u00f3mo llevar la magia del teatro infantil a tu vida.\",\"breadcrumb\":{\"@id\":\"https:\/\/www.companyiahomenots.com\/contacte\/#breadcrumb\"},\"inLanguage\":\"es\",\"potentialAction\":[{\"@type\":\"ReadAction\",\"target\":[\"https:\/\/www.companyiahomenots.com\/contacte\/\"]}]},{\"@type\":\"BreadcrumbList\",\"@id\":\"https:\/\/www.companyiahomenots.com\/contacte\/#breadcrumb\",\"itemListElement\":[{\"@type\":\"ListItem\",\"position\":1,\"name\":\"Home\",\"item\":\"https:\/\/www.companyiahomenots.com\/\"},{\"@type\":\"ListItem\",\"position\":2,\"name\":\"Contacto\"}]},{\"@type\":\"WebSite\",\"@id\":\"https:\/\/www.companyiahomenots.com\/#website\",\"url\":\"https:\/\/www.companyiahomenots.com\/\",\"name\":\"Companyia Homenots\",\"description\":\"\",\"potentialAction\":[{\"@type\":\"SearchAction\",\"target\":{\"@type\":\"EntryPoint\",\"urlTemplate\":\"https:\/\/www.companyiahomenots.com\/?s={search_term_string}\"},\"query-input\":{\"@type\":\"PropertyValueSpecification\",\"valueRequired\":true,\"valueName\":\"search_term_string\"}}],\"inLanguage\":\"es\"}]}<\/script>\n<!-- \/ Yoast SEO plugin. -->","yoast_head_json":{"title":"Contacta con nosotros | Companya Homenots","description":"\u00bfTienes dudas o quieres saber m\u00e1s? Contacta con la Companyia Homenots y descubre c\u00f3mo llevar la magia del teatro infantil a tu vida.","robots":{"index":"index","follow":"follow","max-snippet":"max-snippet:-1","max-image-preview":"max-image-preview:large","max-video-preview":"max-video-preview:-1"},"canonical":"https:\/\/www.companyiahomenots.com\/contacte\/","og_locale":"es_ES","og_type":"article","og_title":"Contacta con nosotros | Companya Homenots","og_description":"\u00bfTienes dudas o quieres saber m\u00e1s? Contacta con la Companyia Homenots y descubre c\u00f3mo llevar la magia del teatro infantil a tu vida.","og_url":"https:\/\/www.companyiahomenots.com\/contacte\/","og_site_name":"Companyia Homenots","article_modified_time":"2025-10-29T10:04:45+00:00","twitter_card":"summary_large_image","twitter_misc":{"Tiempo de lectura":"1 minuto"},"schema":{"@context":"https:\/\/schema.org","@graph":[{"@type":"WebPage","@id":"https:\/\/www.companyiahomenots.com\/contacte\/","url":"https:\/\/www.companyiahomenots.com\/contacte\/","name":"Contacta con nosotros | Companya Homenots","isPartOf":{"@id":"https:\/\/www.companyiahomenots.com\/#website"},"datePublished":"2025-07-30T10:03:34+00:00","dateModified":"2025-10-29T10:04:45+00:00","description":"\u00bfTienes dudas o quieres saber m\u00e1s? Contacta con la Companyia Homenots y descubre c\u00f3mo llevar la magia del teatro infantil a tu vida.","breadcrumb":{"@id":"https:\/\/www.companyiahomenots.com\/contacte\/#breadcrumb"},"inLanguage":"es","potentialAction":[{"@type":"ReadAction","target":["https:\/\/www.companyiahomenots.com\/contacte\/"]}]},{"@type":"BreadcrumbList","@id":"https:\/\/www.companyiahomenots.com\/contacte\/#breadcrumb","itemListElement":[{"@type":"ListItem","position":1,"name":"Home","item":"https:\/\/www.companyiahomenots.com\/"},{"@type":"ListItem","position":2,"name":"Contacto"}]},{"@type":"WebSite","@id":"https:\/\/www.companyiahomenots.com\/#website","url":"https:\/\/www.companyiahomenots.com\/","name":"Companyia Homenots","description":"","potentialAction":[{"@type":"SearchAction","target":{"@type":"EntryPoint","urlTemplate":"https:\/\/www.companyiahomenots.com\/?s={search_term_string}"},"query-input":{"@type":"PropertyValueSpecification","valueRequired":true,"valueName":"search_term_string"}}],"inLanguage":"es"}]}},"_links":{"self":[{"href":"https:\/\/www.companyiahomenots.com\/es\/wp-json\/wp\/v2\/pages\/9957","targetHints":{"allow":["GET"]}}],"collection":[{"href":"https:\/\/www.companyiahomenots.com\/es\/wp-json\/wp\/v2\/pages"}],"about":[{"href":"https:\/\/www.companyiahomenots.com\/es\/wp-json\/wp\/v2\/types\/page"}],"author":[{"embeddable":true,"href":"https:\/\/www.companyiahomenots.com\/es\/wp-json\/wp\/v2\/users\/1"}],"replies":[{"embeddable":true,"href":"https:\/\/www.companyiahomenots.com\/es\/wp-json\/wp\/v2\/comments?post=9957"}],"version-history":[{"count":6,"href":"https:\/\/www.companyiahomenots.com\/es\/wp-json\/wp\/v2\/pages\/9957\/revisions"}],"predecessor-version":[{"id":10197,"href":"https:\/\/www.companyiahomenots.com\/es\/wp-json\/wp\/v2\/pages\/9957\/revisions\/10197"}],"wp:attachment":[{"href":"https:\/\/www.companyiahomenots.com\/es\/wp-json\/wp\/v2\/media?parent=9957"}],"curies":[{"name":"wp","href":"https:\/\/api.w.org\/{rel}","templated":true}]}}