{"id":10013,"date":"2025-07-30T12:02:32","date_gmt":"2025-07-30T10:02:32","guid":{"rendered":"https:\/\/www.companyiahomenots.com\/ikuskizunak\/"},"modified":"2025-08-19T16:41:23","modified_gmt":"2025-08-19T14:41:23","slug":"ikuskizunak","status":"publish","type":"page","link":"https:\/\/www.companyiahomenots.com\/eu\/ikuskizunak\/","title":{"rendered":"Ikuskizunak"},"content":{"rendered":"<p>[et_pb_section fb_built=&#8221;1&#8243; _builder_version=&#8221;4.27.4&#8243; _module_preset=&#8221;default&#8221; background_image=&#8221;https:\/\/www.companyiahomenots.com\/wp-content\/uploads\/companyia-homenots-header-1.svg&#8221; custom_padding=&#8221;0px||0px||true|false&#8221; locked=&#8221;off&#8221; global_colors_info=&#8221;{}&#8221;][et_pb_row _builder_version=&#8221;4.27.4&#8243; _module_preset=&#8221;default&#8221; width=&#8221;90%&#8221; custom_padding=&#8221;3em||3em||true|false&#8221; global_colors_info=&#8221;{}&#8221;][et_pb_column type=&#8221;4_4&#8243; _builder_version=&#8221;4.27.4&#8243; _module_preset=&#8221;default&#8221; global_colors_info=&#8221;{}&#8221;][et_pb_text _builder_version=&#8221;4.27.4&#8243; _module_preset=&#8221;default&#8221; header_font=&#8221;|700|||||||&#8221; header_text_align=&#8221;center&#8221; header_text_color=&#8221;#FFFFFF&#8221; custom_margin=&#8221;||1em||false|false&#8221; header_font_size_tablet=&#8221;&#8221; header_font_size_phone=&#8221;25px&#8221; header_font_size_last_edited=&#8221;on|phone&#8221; custom_css_free_form=&#8221;selector h1{||  padding-bottom:0px;||}&#8221; global_colors_info=&#8221;{}&#8221;]<\/p>\n<h1>Ikuskizunak<\/h1>\n<p>[\/et_pb_text][et_pb_text _builder_version=&#8221;4.27.4&#8243; _module_preset=&#8221;default&#8221; text_text_color=&#8221;#FFFFFF&#8221; text_font_size=&#8221;16px&#8221; text_orientation=&#8221;center&#8221; max_width=&#8221;660px&#8221; module_alignment=&#8221;center&#8221; custom_margin=&#8221;||0em||false|false&#8221; global_colors_info=&#8221;{}&#8221;]<\/p>\n<p><span>Ipuin magikoak, pertsonaia maitagarriak eta umorea eta musika uztartzen dituen eszenaratzea. Eskolei, liburutegiei eta jai nagusiei zuzendutako ikuskizun ezin hobeak.<\/span><\/p>\n<p>[\/et_pb_text][\/et_pb_column][\/et_pb_row][\/et_pb_section][et_pb_section fb_built=&#8221;1&#8243; _builder_version=&#8221;4.27.4&#8243; _module_preset=&#8221;default&#8221; custom_padding=&#8221;0px||0px||true|false&#8221; global_colors_info=&#8221;{}&#8221;][et_pb_row column_structure=&#8221;1_2,1_2&#8243; _builder_version=&#8221;4.27.4&#8243; _module_preset=&#8221;default&#8221; width=&#8221;90%&#8221; custom_margin=&#8221;||1em||false|false&#8221; custom_padding=&#8221;4em||1em||false|false&#8221; global_colors_info=&#8221;{}&#8221;][et_pb_column type=&#8221;1_2&#8243; _builder_version=&#8221;4.27.4&#8243; _module_preset=&#8221;default&#8221; global_colors_info=&#8221;{}&#8221;][et_pb_image src=&#8221;https:\/\/www.companyiahomenots.com\/wp-content\/uploads\/companyia-homenots-espectacles-bum-tresor-pirata.webp&#8221; title_text=&#8221;companyia-homenots-espectacles-bum-tresor-pirata&#8221; show_bottom_space=&#8221;off&#8221; _builder_version=&#8221;4.27.4&#8243; _module_preset=&#8221;default&#8221; max_width=&#8221;450px&#8221; module_alignment=&#8221;center&#8221; custom_margin=&#8221;||2em||false|false&#8221; border_radii=&#8221;on|20px|20px|20px|20px&#8221; global_colors_info=&#8221;{}&#8221;][\/et_pb_image][et_pb_text _builder_version=&#8221;4.27.4&#8243; _module_preset=&#8221;default&#8221; header_3_font=&#8221;|700|||||||&#8221; header_3_text_align=&#8221;center&#8221; custom_margin=&#8221;||1em||false|false&#8221; header_3_font_size_tablet=&#8221;&#8221; header_3_font_size_phone=&#8221;20px&#8221; header_3_font_size_last_edited=&#8221;on|phone&#8221; global_colors_info=&#8221;{}&#8221;]<\/p>\n<h3>Bum eta pirataren altxorra<\/h3>\n<p>[\/et_pb_text][et_pb_button button_url=&#8221;@ET-DC@eyJkeW5hbWljIjp0cnVlLCJjb250ZW50IjoicG9zdF9saW5rX3VybF9wYWdlIiwic2V0dGluZ3MiOnsicG9zdF9pZCI6IjgyODMifX0=@&#8221; button_text=&#8221;Gehiago jakin&#8221; button_alignment=&#8221;center&#8221; module_class=&#8221;boton&#8221; _builder_version=&#8221;4.27.4&#8243; _dynamic_attributes=&#8221;button_url&#8221; _module_preset=&#8221;default&#8221; custom_button=&#8221;on&#8221; button_text_size=&#8221;14px&#8221; button_text_color=&#8221;#FFFFFF&#8221; button_bg_color=&#8221;#f6a12c&#8221; button_border_width=&#8221;1px&#8221; button_border_color=&#8221;#f6a12c&#8221; button_border_radius=&#8221;30px&#8221; button_font=&#8221;|700|||||||&#8221; button_use_icon=&#8221;off&#8221; custom_margin=&#8221;||||false|false&#8221; custom_padding=&#8221;0.5em|1.5em|0.5em|1.5em|true|true&#8221; global_colors_info=&#8221;{}&#8221; button_bg_color__hover_enabled=&#8221;on|hover&#8221; button_bg_color__hover=&#8221;RGBA(255,255,255,0)&#8221; button_bg_enable_color__hover=&#8221;on&#8221; button_text_color__hover_enabled=&#8221;on|hover&#8221; button_text_color__hover=&#8221;#000000&#8243;][\/et_pb_button][\/et_pb_column][et_pb_column type=&#8221;1_2&#8243; _builder_version=&#8221;4.27.4&#8243; _module_preset=&#8221;default&#8221; global_colors_info=&#8221;{}&#8221;][et_pb_image src=&#8221;https:\/\/www.companyiahomenots.com\/wp-content\/uploads\/companyia-homenots-espectacles-bum-llibre-magic.webp&#8221; title_text=&#8221;companyia-homenots-espectacles-bum-llibre-magic&#8221; show_bottom_space=&#8221;off&#8221; _builder_version=&#8221;4.27.4&#8243; _module_preset=&#8221;default&#8221; max_width=&#8221;450px&#8221; module_alignment=&#8221;center&#8221; custom_margin=&#8221;||2em||false|false&#8221; border_radii=&#8221;on|20px|20px|20px|20px&#8221; global_colors_info=&#8221;{}&#8221;][\/et_pb_image][et_pb_text _builder_version=&#8221;4.27.4&#8243; _module_preset=&#8221;default&#8221; header_3_font=&#8221;|700|||||||&#8221; header_3_text_align=&#8221;center&#8221; custom_margin=&#8221;||1em||false|false&#8221; header_3_font_size_tablet=&#8221;&#8221; header_3_font_size_phone=&#8221;20px&#8221; header_3_font_size_last_edited=&#8221;on|phone&#8221; global_colors_info=&#8221;{}&#8221;]<\/p>\n<h3>Bum eta maitagarrien liburu magikoa<\/h3>\n<p>[\/et_pb_text][et_pb_button button_url=&#8221;@ET-DC@eyJkeW5hbWljIjp0cnVlLCJjb250ZW50IjoicG9zdF9saW5rX3VybF9wYWdlIiwic2V0dGluZ3MiOnsicG9zdF9pZCI6IjgyODUifX0=@&#8221; button_text=&#8221;Gehiago jakin&#8221; button_alignment=&#8221;center&#8221; module_class=&#8221;boton&#8221; _builder_version=&#8221;4.27.4&#8243; _dynamic_attributes=&#8221;button_url&#8221; _module_preset=&#8221;default&#8221; custom_button=&#8221;on&#8221; button_text_size=&#8221;14px&#8221; button_text_color=&#8221;#FFFFFF&#8221; button_bg_color=&#8221;#f6a12c&#8221; button_border_width=&#8221;1px&#8221; button_border_color=&#8221;#f6a12c&#8221; button_border_radius=&#8221;30px&#8221; button_font=&#8221;|700|||||||&#8221; button_use_icon=&#8221;off&#8221; custom_margin=&#8221;||||false|false&#8221; custom_padding=&#8221;0.5em|1.5em|0.5em|1.5em|true|true&#8221; global_colors_info=&#8221;{}&#8221; button_bg_color__hover_enabled=&#8221;on|hover&#8221; button_bg_color__hover=&#8221;RGBA(255,255,255,0)&#8221; button_bg_enable_color__hover=&#8221;on&#8221; button_text_color__hover=&#8221;#000000&#8243; button_text_color__hover_enabled=&#8221;on|hover&#8221;][\/et_pb_button][\/et_pb_column][\/et_pb_row][et_pb_row column_structure=&#8221;1_2,1_2&#8243; _builder_version=&#8221;4.27.4&#8243; _module_preset=&#8221;default&#8221; width=&#8221;90%&#8221; custom_margin=&#8221;||2em||false|false&#8221; custom_padding=&#8221;1em||1em||true|false&#8221; global_colors_info=&#8221;{}&#8221;][et_pb_column type=&#8221;1_2&#8243; _builder_version=&#8221;4.27.4&#8243; _module_preset=&#8221;default&#8221; global_colors_info=&#8221;{}&#8221;][et_pb_image src=&#8221;https:\/\/www.companyiahomenots.com\/wp-content\/uploads\/companyia-homenots-espectacles-bum-estel-desitjos.webp&#8221; title_text=&#8221;companyia-homenots-espectacles-bum-estel-desitjos&#8221; show_bottom_space=&#8221;off&#8221; _builder_version=&#8221;4.27.4&#8243; _module_preset=&#8221;default&#8221; max_width=&#8221;450px&#8221; module_alignment=&#8221;center&#8221; custom_margin=&#8221;||2em||false|false&#8221; border_radii=&#8221;on|20px|20px|20px|20px&#8221; global_colors_info=&#8221;{}&#8221;][\/et_pb_image][et_pb_text _builder_version=&#8221;4.27.4&#8243; _module_preset=&#8221;default&#8221; header_3_font=&#8221;|700|||||||&#8221; header_3_text_align=&#8221;center&#8221; custom_margin=&#8221;||1em||false|false&#8221; header_3_font_size_tablet=&#8221;&#8221; header_3_font_size_phone=&#8221;20px&#8221; header_3_font_size_last_edited=&#8221;on|phone&#8221; global_colors_info=&#8221;{}&#8221;]<\/p>\n<h3>Bum eta desioen izarra<\/h3>\n<p>[\/et_pb_text][et_pb_button button_url=&#8221;@ET-DC@eyJkeW5hbWljIjp0cnVlLCJjb250ZW50IjoicG9zdF9saW5rX3VybF9wYWdlIiwic2V0dGluZ3MiOnsicG9zdF9pZCI6IjgyODcifX0=@&#8221; button_text=&#8221;Gehiago jakin&#8221; button_alignment=&#8221;center&#8221; module_class=&#8221;boton&#8221; _builder_version=&#8221;4.27.4&#8243; _dynamic_attributes=&#8221;button_url&#8221; _module_preset=&#8221;default&#8221; custom_button=&#8221;on&#8221; button_text_size=&#8221;14px&#8221; button_text_color=&#8221;#FFFFFF&#8221; button_bg_color=&#8221;#f6a12c&#8221; button_border_width=&#8221;1px&#8221; button_border_color=&#8221;#f6a12c&#8221; button_border_radius=&#8221;30px&#8221; button_font=&#8221;|700|||||||&#8221; button_use_icon=&#8221;off&#8221; custom_margin=&#8221;||||false|false&#8221; custom_padding=&#8221;0.5em|1.5em|0.5em|1.5em|true|true&#8221; global_colors_info=&#8221;{}&#8221; button_bg_color__hover_enabled=&#8221;on|hover&#8221; button_bg_color__hover=&#8221;RGBA(255,255,255,0)&#8221; button_bg_enable_color__hover=&#8221;on&#8221; button_text_color__hover=&#8221;#000000&#8243; button_text_color__hover_enabled=&#8221;on|hover&#8221;][\/et_pb_button][\/et_pb_column][et_pb_column type=&#8221;1_2&#8243; _builder_version=&#8221;4.27.4&#8243; _module_preset=&#8221;default&#8221; global_colors_info=&#8221;{}&#8221;][et_pb_image src=&#8221;https:\/\/www.companyiahomenots.com\/wp-content\/uploads\/companyia-homenots-espectacles-bum-secret-amistat.webp&#8221; title_text=&#8221;companyia-homenots-espectacles-bum-secret-amistat&#8221; show_bottom_space=&#8221;off&#8221; _builder_version=&#8221;4.27.4&#8243; _module_preset=&#8221;default&#8221; max_width=&#8221;450px&#8221; module_alignment=&#8221;center&#8221; custom_margin=&#8221;||2em||false|false&#8221; border_radii=&#8221;on|20px|20px|20px|20px&#8221; global_colors_info=&#8221;{}&#8221;][\/et_pb_image][et_pb_text _builder_version=&#8221;4.27.4&#8243; _module_preset=&#8221;default&#8221; header_3_font=&#8221;|700|||||||&#8221; header_3_text_align=&#8221;center&#8221; custom_margin=&#8221;||1em||false|false&#8221; header_3_font_size_tablet=&#8221;&#8221; header_3_font_size_phone=&#8221;20px&#8221; header_3_font_size_last_edited=&#8221;on|phone&#8221; global_colors_info=&#8221;{}&#8221;]<\/p>\n<h3>Bum eta adiskidetasunaren sekretua<\/h3>\n<p>[\/et_pb_text][et_pb_button button_url=&#8221;@ET-DC@eyJkeW5hbWljIjp0cnVlLCJjb250ZW50IjoicG9zdF9saW5rX3VybF9wYWdlIiwic2V0dGluZ3MiOnsicG9zdF9pZCI6IjgyODkifX0=@&#8221; button_text=&#8221;Gehiago jakin&#8221; button_alignment=&#8221;center&#8221; module_class=&#8221;boton&#8221; _builder_version=&#8221;4.27.4&#8243; _dynamic_attributes=&#8221;button_url&#8221; _module_preset=&#8221;default&#8221; custom_button=&#8221;on&#8221; button_text_size=&#8221;14px&#8221; button_text_color=&#8221;#FFFFFF&#8221; button_bg_color=&#8221;#f6a12c&#8221; button_border_width=&#8221;1px&#8221; button_border_color=&#8221;#f6a12c&#8221; button_border_radius=&#8221;30px&#8221; button_font=&#8221;|700|||||||&#8221; button_use_icon=&#8221;off&#8221; custom_margin=&#8221;||||false|false&#8221; custom_padding=&#8221;0.5em|1.5em|0.5em|1.5em|true|true&#8221; global_colors_info=&#8221;{}&#8221; button_bg_color__hover_enabled=&#8221;on|hover&#8221; button_bg_color__hover=&#8221;RGBA(255,255,255,0)&#8221; button_bg_enable_color__hover=&#8221;on&#8221; button_text_color__hover=&#8221;#000000&#8243; button_text_color__hover_enabled=&#8221;on|hover&#8221;][\/et_pb_button][\/et_pb_column][\/et_pb_row][\/et_pb_section]<\/p>\n","protected":false},"excerpt":{"rendered":"<p>IkuskizunakIpuin magikoak, pertsonaia maitagarriak eta umorea eta musika uztartzen dituen eszenaratzea. Eskolei, liburutegiei eta jai nagusiei zuzendutako ikuskizun ezin hobeak.Bum eta pirataren altxorraBum eta maitagarrien liburu magikoaBum eta desioen izarraBum eta adiskidetasunaren sekretua<\/p>\n","protected":false},"author":1,"featured_media":0,"parent":0,"menu_order":0,"comment_status":"closed","ping_status":"closed","template":"","meta":{"_et_pb_use_builder":"on","_et_pb_old_content":"","_et_gb_content_width":"","inline_featured_image":false,"footnotes":""},"class_list":["post-10013","page","type-page","status-publish","hentry"],"yoast_head":"<!-- This site is optimized with the Yoast SEO plugin v25.7 - https:\/\/yoast.com\/wordpress\/plugins\/seo\/ -->\n<title>Descobreix els nostres espectacles infantils | Companyia Homenots<\/title>\n<meta name=\"description\" content=\"Deixa&#039;t sorprendre per espectacles \u00fanics de teatre infantil, on la m\u00fasica i la imaginaci\u00f3 cobren vida en cada funci\u00f3.\" \/>\n<meta name=\"robots\" content=\"index, follow, max-snippet:-1, max-image-preview:large, max-video-preview:-1\" \/>\n<link rel=\"canonical\" href=\"https:\/\/www.companyiahomenots.com\/espectacles\/\" \/>\n<meta property=\"og:locale\" content=\"eu_ES\" \/>\n<meta property=\"og:type\" content=\"article\" \/>\n<meta property=\"og:title\" content=\"Descobreix els nostres espectacles infantils | Companyia Homenots\" \/>\n<meta property=\"og:description\" content=\"Deixa&#039;t sorprendre per espectacles \u00fanics de teatre infantil, on la m\u00fasica i la imaginaci\u00f3 cobren vida en cada funci\u00f3.\" \/>\n<meta property=\"og:url\" content=\"https:\/\/www.companyiahomenots.com\/espectacles\/\" \/>\n<meta property=\"og:site_name\" content=\"Companyia Homenots\" \/>\n<meta property=\"article:modified_time\" content=\"2025-08-19T14:41:23+00:00\" \/>\n<meta name=\"twitter:card\" content=\"summary_large_image\" \/>\n<meta name=\"twitter:label1\" content=\"Est. reading time\" \/>\n\t<meta name=\"twitter:data1\" content=\"6 minutes\" \/>\n<script type=\"application\/ld+json\" class=\"yoast-schema-graph\">{\"@context\":\"https:\/\/schema.org\",\"@graph\":[{\"@type\":\"WebPage\",\"@id\":\"https:\/\/www.companyiahomenots.com\/espectacles\/\",\"url\":\"https:\/\/www.companyiahomenots.com\/espectacles\/\",\"name\":\"Descobreix els nostres espectacles infantils | Companyia Homenots\",\"isPartOf\":{\"@id\":\"https:\/\/www.companyiahomenots.com\/#website\"},\"datePublished\":\"2025-07-30T10:02:32+00:00\",\"dateModified\":\"2025-08-19T14:41:23+00:00\",\"description\":\"Deixa't sorprendre per espectacles \u00fanics de teatre infantil, on la m\u00fasica i la imaginaci\u00f3 cobren vida en cada funci\u00f3.\",\"breadcrumb\":{\"@id\":\"https:\/\/www.companyiahomenots.com\/espectacles\/#breadcrumb\"},\"inLanguage\":\"eu-ES\",\"potentialAction\":[{\"@type\":\"ReadAction\",\"target\":[\"https:\/\/www.companyiahomenots.com\/espectacles\/\"]}]},{\"@type\":\"BreadcrumbList\",\"@id\":\"https:\/\/www.companyiahomenots.com\/espectacles\/#breadcrumb\",\"itemListElement\":[{\"@type\":\"ListItem\",\"position\":1,\"name\":\"Home\",\"item\":\"https:\/\/www.companyiahomenots.com\/\"},{\"@type\":\"ListItem\",\"position\":2,\"name\":\"Ikuskizunak\"}]},{\"@type\":\"WebSite\",\"@id\":\"https:\/\/www.companyiahomenots.com\/#website\",\"url\":\"https:\/\/www.companyiahomenots.com\/\",\"name\":\"Companyia Homenots\",\"description\":\"\",\"potentialAction\":[{\"@type\":\"SearchAction\",\"target\":{\"@type\":\"EntryPoint\",\"urlTemplate\":\"https:\/\/www.companyiahomenots.com\/?s={search_term_string}\"},\"query-input\":{\"@type\":\"PropertyValueSpecification\",\"valueRequired\":true,\"valueName\":\"search_term_string\"}}],\"inLanguage\":\"eu-ES\"}]}<\/script>\n<!-- \/ Yoast SEO plugin. -->","yoast_head_json":{"title":"Descobreix els nostres espectacles infantils | Companyia Homenots","description":"Deixa't sorprendre per espectacles \u00fanics de teatre infantil, on la m\u00fasica i la imaginaci\u00f3 cobren vida en cada funci\u00f3.","robots":{"index":"index","follow":"follow","max-snippet":"max-snippet:-1","max-image-preview":"max-image-preview:large","max-video-preview":"max-video-preview:-1"},"canonical":"https:\/\/www.companyiahomenots.com\/espectacles\/","og_locale":"eu_ES","og_type":"article","og_title":"Descobreix els nostres espectacles infantils | Companyia Homenots","og_description":"Deixa't sorprendre per espectacles \u00fanics de teatre infantil, on la m\u00fasica i la imaginaci\u00f3 cobren vida en cada funci\u00f3.","og_url":"https:\/\/www.companyiahomenots.com\/espectacles\/","og_site_name":"Companyia Homenots","article_modified_time":"2025-08-19T14:41:23+00:00","twitter_card":"summary_large_image","twitter_misc":{"Est. reading time":"6 minutes"},"schema":{"@context":"https:\/\/schema.org","@graph":[{"@type":"WebPage","@id":"https:\/\/www.companyiahomenots.com\/espectacles\/","url":"https:\/\/www.companyiahomenots.com\/espectacles\/","name":"Descobreix els nostres espectacles infantils | Companyia Homenots","isPartOf":{"@id":"https:\/\/www.companyiahomenots.com\/#website"},"datePublished":"2025-07-30T10:02:32+00:00","dateModified":"2025-08-19T14:41:23+00:00","description":"Deixa't sorprendre per espectacles \u00fanics de teatre infantil, on la m\u00fasica i la imaginaci\u00f3 cobren vida en cada funci\u00f3.","breadcrumb":{"@id":"https:\/\/www.companyiahomenots.com\/espectacles\/#breadcrumb"},"inLanguage":"eu-ES","potentialAction":[{"@type":"ReadAction","target":["https:\/\/www.companyiahomenots.com\/espectacles\/"]}]},{"@type":"BreadcrumbList","@id":"https:\/\/www.companyiahomenots.com\/espectacles\/#breadcrumb","itemListElement":[{"@type":"ListItem","position":1,"name":"Home","item":"https:\/\/www.companyiahomenots.com\/"},{"@type":"ListItem","position":2,"name":"Ikuskizunak"}]},{"@type":"WebSite","@id":"https:\/\/www.companyiahomenots.com\/#website","url":"https:\/\/www.companyiahomenots.com\/","name":"Companyia Homenots","description":"","potentialAction":[{"@type":"SearchAction","target":{"@type":"EntryPoint","urlTemplate":"https:\/\/www.companyiahomenots.com\/?s={search_term_string}"},"query-input":{"@type":"PropertyValueSpecification","valueRequired":true,"valueName":"search_term_string"}}],"inLanguage":"eu-ES"}]}},"_links":{"self":[{"href":"https:\/\/www.companyiahomenots.com\/eu\/wp-json\/wp\/v2\/pages\/10013","targetHints":{"allow":["GET"]}}],"collection":[{"href":"https:\/\/www.companyiahomenots.com\/eu\/wp-json\/wp\/v2\/pages"}],"about":[{"href":"https:\/\/www.companyiahomenots.com\/eu\/wp-json\/wp\/v2\/types\/page"}],"author":[{"embeddable":true,"href":"https:\/\/www.companyiahomenots.com\/eu\/wp-json\/wp\/v2\/users\/1"}],"replies":[{"embeddable":true,"href":"https:\/\/www.companyiahomenots.com\/eu\/wp-json\/wp\/v2\/comments?post=10013"}],"version-history":[{"count":6,"href":"https:\/\/www.companyiahomenots.com\/eu\/wp-json\/wp\/v2\/pages\/10013\/revisions"}],"predecessor-version":[{"id":10122,"href":"https:\/\/www.companyiahomenots.com\/eu\/wp-json\/wp\/v2\/pages\/10013\/revisions\/10122"}],"wp:attachment":[{"href":"https:\/\/www.companyiahomenots.com\/eu\/wp-json\/wp\/v2\/media?parent=10013"}],"curies":[{"name":"wp","href":"https:\/\/api.w.org\/{rel}","templated":true}]}}